{"id":2373,"date":"2020-06-03T21:07:08","date_gmt":"2020-06-03T19:07:08","guid":{"rendered":"https:\/\/www.bergsee-titisee.de\/kontakt\/"},"modified":"2023-06-19T09:11:12","modified_gmt":"2023-06-19T07:11:12","slug":"contacto","status":"publish","type":"page","link":"https:\/\/www.bergsee-titisee.de\/es\/contacto\/","title":{"rendered":"Contacto"},"content":{"rendered":"<div id=\"pl-2373\"  class=\"panel-layout\" ><div id=\"pg-2373-0\"  class=\"panel-grid panel-no-style\" ><div id=\"pgc-2373-0-0\"  class=\"panel-grid-cell\" ><div id=\"panel-2373-0-0-0\" class=\"so-panel widget widget_wwm-specialcontent-widget panel-first-child panel-last-child\" data-index=\"0\" ><div\n\t\t\t\n\t\t\tclass=\"so-widget-wwm-specialcontent-widget so-widget-wwm-specialcontent-widget-base\"\n\t\t\t\n\t\t><div class=\"wwm-specialcontent\"><div class=\"wwm-specialcontent-image-left\"><img decoding=\"async\" src=\"https:\/\/www.bergsee-titisee.de\/wp-content\/uploads\/bergseee_kontakt.jpg\" \/><\/div><div class=\"wwm-specialcontent-content-right\"><div id=\"pl-w7ca11eb9\"  class=\"panel-layout\" ><div id=\"pg-w7ca11eb9-0\"  class=\"panel-grid panel-has-style\" ><div class=\"panel-row-style panel-row-style-for-w7ca11eb9-0\" ><div id=\"pgc-w7ca11eb9-0-0\"  class=\"panel-grid-cell\" ><div id=\"panel-w7ca11eb9-0-0-0\" class=\"so-panel widget widget_wwm-headline-widget panel-first-child\" data-index=\"0\" ><div class=\"panel-widget-style panel-widget-style-for-w7ca11eb9-0-0-0\" ><div\n\t\t\t\n\t\t\tclass=\"so-widget-wwm-headline-widget so-widget-wwm-headline-widget-base\"\n\t\t\t\n\t\t><h2 class=\"wwm-headline1\" style=\"\">Contacto<\/h2><h2 class=\"wwm-headline2\" style=\"\">personalmente<\/h2><\/div><\/div><\/div><div id=\"panel-w7ca11eb9-0-0-1\" class=\"so-panel widget widget_wwm-text-widget panel-last-child\" data-index=\"1\" ><div class=\"panel-widget-style panel-widget-style-for-w7ca11eb9-0-0-1\" ><div\n\t\t\t\n\t\t\tclass=\"so-widget-wwm-text-widget so-widget-wwm-text-widget-base\"\n\t\t\t\n\t\t><div style=\"background:url();background-size:cover;color:;\"><div style=\"padding:0px;\"><p><strong>Restaurant Bergsee<br \/>\n<\/strong><br \/>\nH. Schweizer und H. Bockstaller<br \/>\nSeestra\u00dfe 33<br \/>\n79822 Titisee-Neustadt<\/p>\n<p>Tel. <a href=\"callto:+4976518196\">+49 7651 8196<\/a><br \/>\nFax +49 7651 8552<br \/>\nE-Mail <a href=\"mailto:info@bergsee-titisee.de\">info@bergsee-titisee.de<\/a><\/p>\n<\/div><\/div><\/div><\/div><\/div><\/div><\/div><\/div><\/div><\/div><\/div><\/div><\/div><\/div><\/div><div id=\"pg-2373-1\"  class=\"panel-grid panel-no-style\" ><div id=\"pgc-2373-1-0\"  class=\"panel-grid-cell\" ><div id=\"panel-2373-1-0-0\" class=\"so-panel widget widget_wwm-specialcontent-widget panel-first-child panel-last-child\" data-index=\"1\" ><div\n\t\t\t\n\t\t\tclass=\"so-widget-wwm-specialcontent-widget so-widget-wwm-specialcontent-widget-base\"\n\t\t\t\n\t\t><div class=\"wwm-specialcontent\"><div class=\"wwm-specialcontent-content-left\"><div id=\"pl-wbea4a9a2\"  class=\"panel-layout\" ><div id=\"pg-wbea4a9a2-0\"  class=\"panel-grid panel-has-style\" ><div class=\"panel-row-style panel-row-style-for-wbea4a9a2-0\" ><div id=\"pgc-wbea4a9a2-0-0\"  class=\"panel-grid-cell\" ><div id=\"panel-wbea4a9a2-0-0-0\" class=\"so-panel widget widget_wwm-headline-widget panel-first-child\" data-index=\"0\" ><div class=\"panel-widget-style panel-widget-style-for-wbea4a9a2-0-0-0\" ><div\n\t\t\t\n\t\t\tclass=\"so-widget-wwm-headline-widget so-widget-wwm-headline-widget-base\"\n\t\t\t\n\t\t><h2 class=\"wwm-headline1\" style=\"\">Celebraciones<\/h2><h2 class=\"wwm-headline2\" style=\"\">Espacio para celebraciones familiares y empresariales<\/h2><\/div><\/div><\/div><div id=\"panel-wbea4a9a2-0-0-1\" class=\"so-panel widget widget_wwm-text-widget\" data-index=\"1\" ><div class=\"panel-widget-style panel-widget-style-for-wbea4a9a2-0-0-1\" ><div\n\t\t\t\n\t\t\tclass=\"so-widget-wwm-text-widget so-widget-wwm-text-widget-base\"\n\t\t\t\n\t\t><div style=\"background:url();background-size:cover;color:;\"><div style=\"padding:0px;\"><p>\u00bfTe gustar\u00eda celebrar a lo grande pero no sabes exactamente c\u00f3mo deber\u00eda ir todo? Estaremos encantados de asesorarlo y ayudarlo a organizar su celebraci\u00f3n.<\/p>\n<\/div><\/div><\/div><\/div><\/div><div id=\"panel-wbea4a9a2-0-0-2\" class=\"so-panel widget widget_wwm-button-widget panel-last-child\" data-index=\"2\" ><div class=\"panel-widget-style panel-widget-style-for-wbea4a9a2-0-0-2\" ><div\n\t\t\t\n\t\t\tclass=\"so-widget-wwm-button-widget so-widget-wwm-button-widget-base\"\n\t\t\t\n\t\t><div><a class=\"button custom-btn btn-0\" href=\"mailto:info@bergsee-titisee.de\" target=\"_blank\">Solicitud<\/a><\/div><\/div><\/div><\/div><\/div><\/div><\/div><\/div><\/div><div class=\"wwm-specialcontent-image-right\"><img decoding=\"async\" src=\"https:\/\/www.bergsee-titisee.de\/wp-content\/uploads\/bergseee_kontakt_feierlichkeiten.jpg\" \/><\/div><\/div><\/div><\/div><\/div><\/div><\/div>","protected":false},"excerpt":{"rendered":"<p>ContactopersonalmenteRestaurant Bergsee H. Schweizer und H. Bockstaller Seestra\u00dfe 33 79822 Titisee-Neustadt Tel. +49 7651 8196 Fax +49 7651 8552 E-Mail info@bergsee-titisee.de CelebracionesEspacio para celebraciones familiares y empresariales\u00bfTe gustar\u00eda celebrar a lo grande pero no sabes exactamente c\u00f3mo deber\u00eda ir todo? Estaremos encantados de asesorarlo y ayudarlo a organizar su celebraci\u00f3n. [&hellip;]<\/p>\n","protected":false},"author":3,"featured_media":0,"parent":0,"menu_order":4,"comment_status":"closed","ping_status":"closed","template":"","meta":{"_acf_changed":false,"footnotes":""},"class_list":["post-2373","page","type-page","status-publish","hentry"],"acf":[],"_links":{"self":[{"href":"https:\/\/www.bergsee-titisee.de\/es\/wp-json\/wp\/v2\/pages\/2373","targetHints":{"allow":["GET"]}}],"collection":[{"href":"https:\/\/www.bergsee-titisee.de\/es\/wp-json\/wp\/v2\/pages"}],"about":[{"href":"https:\/\/www.bergsee-titisee.de\/es\/wp-json\/wp\/v2\/types\/page"}],"author":[{"embeddable":true,"href":"https:\/\/www.bergsee-titisee.de\/es\/wp-json\/wp\/v2\/users\/3"}],"replies":[{"embeddable":true,"href":"https:\/\/www.bergsee-titisee.de\/es\/wp-json\/wp\/v2\/comments?post=2373"}],"version-history":[{"count":5,"href":"https:\/\/www.bergsee-titisee.de\/es\/wp-json\/wp\/v2\/pages\/2373\/revisions"}],"predecessor-version":[{"id":2432,"href":"https:\/\/www.bergsee-titisee.de\/es\/wp-json\/wp\/v2\/pages\/2373\/revisions\/2432"}],"wp:attachment":[{"href":"https:\/\/www.bergsee-titisee.de\/es\/wp-json\/wp\/v2\/media?parent=2373"}],"curies":[{"name":"wp","href":"https:\/\/api.w.org\/{rel}","templated":true}]}}