{"id":2354,"date":"2023-06-07T00:08:51","date_gmt":"2023-06-06T22:08:51","guid":{"rendered":"https:\/\/www.bergsee-titisee.de\/speisekarte\/"},"modified":"2025-03-18T11:09:39","modified_gmt":"2025-03-18T10:09:39","slug":"menu","status":"publish","type":"page","link":"https:\/\/www.bergsee-titisee.de\/es\/menu\/","title":{"rendered":"Men\u00fa"},"content":{"rendered":"<div id=\"pl-2354\"  class=\"panel-layout\" ><div id=\"pg-2354-0\"  class=\"panel-grid panel-no-style\" ><div id=\"pgc-2354-0-0\"  class=\"panel-grid-cell\" ><div id=\"panel-2354-0-0-0\" class=\"so-panel widget widget_wwm-specialcontent-widget panel-first-child panel-last-child\" data-index=\"0\" ><div\n\t\t\t\n\t\t\tclass=\"so-widget-wwm-specialcontent-widget so-widget-wwm-specialcontent-widget-base\"\n\t\t\t\n\t\t><div class=\"wwm-specialcontent\"><div class=\"wwm-specialcontent-image-left\"><img decoding=\"async\" src=\"https:\/\/www.bergsee-titisee.de\/wp-content\/uploads\/bergseee_speisekarte_vesperteller.jpg\" \/><\/div><div class=\"wwm-specialcontent-content-right\"><div id=\"pl-w2049d7c9\"  class=\"panel-layout\" ><div id=\"pg-w2049d7c9-0\"  class=\"panel-grid panel-has-style\" ><div class=\"panel-row-style panel-row-style-for-w2049d7c9-0\" ><div id=\"pgc-w2049d7c9-0-0\"  class=\"panel-grid-cell\" ><div id=\"panel-w2049d7c9-0-0-0\" class=\"so-panel widget widget_wwm-headline-widget panel-first-child\" data-index=\"0\" ><div class=\"panel-widget-style panel-widget-style-for-w2049d7c9-0-0-0\" ><div\n\t\t\t\n\t\t\tclass=\"so-widget-wwm-headline-widget so-widget-wwm-headline-widget-base\"\n\t\t\t\n\t\t><h2 class=\"wwm-headline1\" style=\"\">Tarta flameada y Tentempi\u00e9<\/h2><h2 class=\"wwm-headline2\" style=\"\">Delicias de la Selva Negra<\/h2><\/div><\/div><\/div><div id=\"panel-w2049d7c9-0-0-1\" class=\"so-panel widget widget_wwm-text-widget\" data-index=\"1\" ><div class=\"panel-widget-style panel-widget-style-for-w2049d7c9-0-0-1\" ><div\n\t\t\t\n\t\t\tclass=\"so-widget-wwm-text-widget so-widget-wwm-text-widget-base\"\n\t\t\t\n\t\t><div style=\"color:;\"><div style=\"padding:0px;\"><table style=\"border-collapse: collapse; width: 98.336094%;\" border=\"1\">\n<tbody>\n<tr>\n<td style=\"width: 59.663356%;\">Bandeja de jam\u00f3n de los 4 valles<\/td>\n<td style=\"width: 151.96854%;\">18,90 Euro<\/td>\n<\/tr>\n<tr>\n<td style=\"width: 59.663356%;\">\n<div><span lang=\"IT\">Tentempi\u00e9 dominical de la Selva Negra<\/span><\/div>\n<\/td>\n<td style=\"width: 151.96854%;\">22,50 Euro<\/td>\n<\/tr>\n<tr>\n<td style=\"width: 59.663356%;\">Especialidades de Bergsee<\/td>\n<td style=\"width: 151.96854%;\">39,00 Euro<\/td>\n<\/tr>\n<tr>\n<td style=\"width: 59.663356%;\">\n<div><span lang=\"IT\">Ensalada de salchichas al estilo suizo<\/span><\/div>\n<\/td>\n<td style=\"width: 151.96854%;\">13,90 Euro<\/td>\n<\/tr>\n<tr>\n<td style=\"width: 59.663356%;\">Tarta flambeada<\/td>\n<td style=\"width: 151.96854%;\">14,00 Euro<\/td>\n<\/tr>\n<tr>\n<td style=\"width: 59.6634%;\">Tarta de salm\u00f3n flambeada<\/td>\n<td style=\"width: 151.969%;\">14,00 Euro<\/td>\n<\/tr>\n<tr>\n<td style=\"width: 59.663356%;\">Tarta de verduras flambeada<\/td>\n<td style=\"width: 151.96854%;\">14,00 Euro<\/td>\n<\/tr>\n<\/tbody>\n<\/table>\n<\/div><\/div><\/div><\/div><\/div><div id=\"panel-w2049d7c9-0-0-2\" class=\"so-panel widget widget_wwm-button-widget panel-last-child\" data-index=\"2\" ><div class=\"panel-widget-style panel-widget-style-for-w2049d7c9-0-0-2\" ><div\n\t\t\t\n\t\t\tclass=\"so-widget-wwm-button-widget so-widget-wwm-button-widget-base\"\n\t\t\t\n\t\t><div style=\"text-align:center;\"><a class=\"button custom-btn btn-0\" href=\"https:\/\/www.bergsee-titisee.de\/downloads\/speisekarte-spanisch-bergsee-restaurant-titisee.pdf\" target=\"_blank\">Descargar men\u00fa<\/a><\/div><\/div><\/div><\/div><\/div><\/div><\/div><\/div><\/div><\/div><\/div><\/div><\/div><\/div><div id=\"pg-2354-1\"  class=\"panel-grid panel-no-style\" ><div id=\"pgc-2354-1-0\"  class=\"panel-grid-cell\" ><div id=\"panel-2354-1-0-0\" class=\"so-panel widget widget_wwm-specialcontent-widget panel-first-child panel-last-child\" data-index=\"1\" ><div\n\t\t\t\n\t\t\tclass=\"so-widget-wwm-specialcontent-widget so-widget-wwm-specialcontent-widget-base\"\n\t\t\t\n\t\t><div class=\"wwm-specialcontent\"><div class=\"wwm-specialcontent-content-left\"><div id=\"pl-wefda1cad\"  class=\"panel-layout\" ><div id=\"pg-wefda1cad-0\"  class=\"panel-grid panel-has-style\" ><div class=\"panel-row-style panel-row-style-for-wefda1cad-0\" ><div id=\"pgc-wefda1cad-0-0\"  class=\"panel-grid-cell\" ><div id=\"panel-wefda1cad-0-0-0\" class=\"so-panel widget widget_wwm-headline-widget panel-first-child\" data-index=\"0\" ><div class=\"panel-widget-style panel-widget-style-for-wefda1cad-0-0-0\" ><div\n\t\t\t\n\t\t\tclass=\"so-widget-wwm-headline-widget so-widget-wwm-headline-widget-base\"\n\t\t\t\n\t\t><h2 class=\"wwm-headline1\" style=\"\">Sopas y ensaladas<\/h2><h2 class=\"wwm-headline2\" style=\"\">para picar<\/h2><\/div><\/div><\/div><div id=\"panel-wefda1cad-0-0-1\" class=\"so-panel widget widget_wwm-text-widget\" data-index=\"1\" ><div class=\"panel-widget-style panel-widget-style-for-wefda1cad-0-0-1\" ><div\n\t\t\t\n\t\t\tclass=\"so-widget-wwm-text-widget so-widget-wwm-text-widget-base\"\n\t\t\t\n\t\t><div style=\"color:;\"><div style=\"padding:0px;\"><table style=\"border-collapse: collapse; width: 100%; height: 169px;\" border=\"1\">\n<tbody>\n<tr style=\"height: 24px;\">\n<td style=\"width: 49.963045%; height: 24px;\" align=\"left\">\n<div><span lang=\"IT\">Consom\u00e9 de vacuno con tiras de crepe<\/span><\/div>\n<\/td>\n<td style=\"width: 50%; height: 24px;\">6,00 Euro<\/td>\n<\/tr>\n<tr style=\"height: 24px;\">\n<td style=\"width: 49.963045%; height: 24px;\">\n<div><span lang=\"IT\">Sopa nupcial de la Selva Negra<\/span><\/div>\n<\/td>\n<td style=\"width: 50%; height: 24px;\">8,50 Euro<\/td>\n<\/tr>\n<tr style=\"height: 24px;\">\n<td style=\"width: 49.963045%; height: 24px;\">\n<div><span lang=\"IT\">Sopa de pasta con carne de vacuno<\/span><\/div>\n<\/td>\n<td style=\"width: 50%; height: 24px;\">8,50 Euro<\/td>\n<\/tr>\n<tr style=\"height: 24px;\">\n<td style=\"width: 49.963045%; height: 24px;\">Gulash<\/td>\n<td style=\"width: 50%; height: 24px;\">8,90 Euro<\/td>\n<\/tr>\n<tr style=\"height: 25px;\">\n<td style=\"width: 49.963045%; height: 25px;\">Ensalada mixta peque\u00f1a<\/td>\n<td style=\"width: 50%; height: 25px;\">8,50 Euro<\/td>\n<\/tr>\n<tr style=\"height: 24px;\">\n<td style=\"width: 49.963045%; height: 24px;\">Plato de ensalada Bergsee<\/td>\n<td style=\"width: 50%; height: 24px;\">16,90 Euro<\/td>\n<\/tr>\n<tr style=\"height: 24px;\">\n<td style=\"width: 49.963045%; height: 24px;\">\n<div><span lang=\"IT\">Ensalada con trucha ahumada<\/span><\/div>\n<\/td>\n<td style=\"width: 50%; height: 24px;\">19,90 Euro<\/td>\n<\/tr>\n<\/tbody>\n<\/table>\n<\/div><\/div><\/div><\/div><\/div><div id=\"panel-wefda1cad-0-0-2\" class=\"so-panel widget widget_wwm-button-widget panel-last-child\" data-index=\"2\" ><div class=\"panel-widget-style panel-widget-style-for-wefda1cad-0-0-2\" ><div\n\t\t\t\n\t\t\tclass=\"so-widget-wwm-button-widget so-widget-wwm-button-widget-base\"\n\t\t\t\n\t\t><div style=\"text-align:center;\"><a class=\"button custom-btn btn-0\" href=\"https:\/\/www.bergsee-titisee.de\/downloads\/speisekarte-spanisch-bergsee-restaurant-titisee.pdf\" target=\"_blank\">Descargar men\u00fa<\/a><\/div><\/div><\/div><\/div><\/div><\/div><\/div><\/div><\/div><div class=\"wwm-specialcontent-image-right\"><img decoding=\"async\" src=\"https:\/\/www.bergsee-titisee.de\/wp-content\/uploads\/bergseee_speisekarte_salatteller.jpg\" \/><\/div><\/div><\/div><\/div><\/div><\/div><div id=\"pg-2354-2\"  class=\"panel-grid panel-no-style\" ><div id=\"pgc-2354-2-0\"  class=\"panel-grid-cell\" ><div id=\"panel-2354-2-0-0\" class=\"so-panel widget widget_wwm-specialcontent-widget panel-first-child panel-last-child\" data-index=\"2\" ><div\n\t\t\t\n\t\t\tclass=\"so-widget-wwm-specialcontent-widget so-widget-wwm-specialcontent-widget-base\"\n\t\t\t\n\t\t><div class=\"wwm-specialcontent\"><div class=\"wwm-specialcontent-image-left\"><img decoding=\"async\" src=\"https:\/\/www.bergsee-titisee.de\/wp-content\/uploads\/bergseee_speisekarte_fischfillet.jpg\" \/><\/div><div class=\"wwm-specialcontent-content-right\"><div id=\"pl-wcdbf44a9\"  class=\"panel-layout\" ><div id=\"pg-wcdbf44a9-0\"  class=\"panel-grid panel-has-style\" ><div class=\"panel-row-style panel-row-style-for-wcdbf44a9-0\" ><div id=\"pgc-wcdbf44a9-0-0\"  class=\"panel-grid-cell\" ><div id=\"panel-wcdbf44a9-0-0-0\" class=\"so-panel widget widget_wwm-headline-widget panel-first-child\" data-index=\"0\" ><div class=\"panel-widget-style panel-widget-style-for-wcdbf44a9-0-0-0\" ><div\n\t\t\t\n\t\t\tclass=\"so-widget-wwm-headline-widget so-widget-wwm-headline-widget-base\"\n\t\t\t\n\t\t><h2 class=\"wwm-headline1\" style=\"\">Pescado<\/h2><h2 class=\"wwm-headline2\" style=\"\">Disfrute el sabor del lago<\/h2><\/div><\/div><\/div><div id=\"panel-wcdbf44a9-0-0-1\" class=\"so-panel widget widget_wwm-text-widget\" data-index=\"1\" ><div class=\"panel-widget-style panel-widget-style-for-wcdbf44a9-0-0-1\" ><div\n\t\t\t\n\t\t\tclass=\"so-widget-wwm-text-widget so-widget-wwm-text-widget-base\"\n\t\t\t\n\t\t><div style=\"color:;\"><div style=\"padding:0px;\"><table style=\"border-collapse: collapse; width: 98.336094%;\" border=\"1\">\n<tbody>\n<tr>\n<td style=\"width: 59.663356%;\">\n<div><span lang=\"EN-US\">Filetes de trucha ahumados fr\u00edos con enebro<\/span><\/div>\n<\/td>\n<td style=\"width: 151.96854%;\">19,90 Euro<\/td>\n<\/tr>\n<tr>\n<td style=\"width: 59.663356%;\">\n<div><span lang=\"IT\">Trucha fresca asada \u201ela molinera\u201c<\/span><\/div>\n<\/td>\n<td style=\"width: 151.96854%;\">27,00 Euro<\/td>\n<\/tr>\n<tr>\n<td style=\"width: 59.663356%;\">\n<div><span lang=\"IT\">Filete de arenque fresco \u201ecasero\u201d<\/span><\/div>\n<\/td>\n<td style=\"width: 151.96854%;\">19,50 Euro<\/td>\n<\/tr>\n<tr>\n<td style=\"width: 59.663356%;\">Filete de salm\u00f3n<\/td>\n<td style=\"width: 151.96854%;\">27,50 Euro<\/td>\n<\/tr>\n<\/tbody>\n<\/table>\n<\/div><\/div><\/div><\/div><\/div><div id=\"panel-wcdbf44a9-0-0-2\" class=\"so-panel widget widget_wwm-button-widget panel-last-child\" data-index=\"2\" ><div class=\"panel-widget-style panel-widget-style-for-wcdbf44a9-0-0-2\" ><div\n\t\t\t\n\t\t\tclass=\"so-widget-wwm-button-widget so-widget-wwm-button-widget-base\"\n\t\t\t\n\t\t><div style=\"text-align:center;\"><a class=\"button custom-btn btn-0\" href=\"https:\/\/www.bergsee-titisee.de\/downloads\/speisekarte-spanisch-bergsee-restaurant-titisee.pdf\" target=\"_blank\">Descardar men\u00fa<\/a><\/div><\/div><\/div><\/div><\/div><\/div><\/div><\/div><\/div><\/div><\/div><\/div><\/div><\/div><div id=\"pg-2354-3\"  class=\"panel-grid panel-no-style\" ><div id=\"pgc-2354-3-0\"  class=\"panel-grid-cell\" ><div id=\"panel-2354-3-0-0\" class=\"so-panel widget widget_wwm-specialcontent-widget panel-first-child panel-last-child\" data-index=\"3\" ><div\n\t\t\t\n\t\t\tclass=\"so-widget-wwm-specialcontent-widget so-widget-wwm-specialcontent-widget-base\"\n\t\t\t\n\t\t><div class=\"wwm-specialcontent\"><div class=\"wwm-specialcontent-content-left\"><div id=\"pl-wa2438e6f\"  class=\"panel-layout\" ><div id=\"pg-wa2438e6f-0\"  class=\"panel-grid panel-has-style\" ><div class=\"panel-row-style panel-row-style-for-wa2438e6f-0\" ><div id=\"pgc-wa2438e6f-0-0\"  class=\"panel-grid-cell\" ><div id=\"panel-wa2438e6f-0-0-0\" class=\"so-panel widget widget_wwm-headline-widget panel-first-child\" data-index=\"0\" ><div class=\"panel-widget-style panel-widget-style-for-wa2438e6f-0-0-0\" ><div\n\t\t\t\n\t\t\tclass=\"so-widget-wwm-headline-widget so-widget-wwm-headline-widget-base\"\n\t\t\t\n\t\t><h2 class=\"wwm-headline1\" style=\"\">Bistecs<\/h2><h2 class=\"wwm-headline2\" style=\"\">Delicias de la parrilla<\/h2><\/div><\/div><\/div><div id=\"panel-wa2438e6f-0-0-1\" class=\"so-panel widget widget_wwm-text-widget\" data-index=\"1\" ><div class=\"panel-widget-style panel-widget-style-for-wa2438e6f-0-0-1\" ><div\n\t\t\t\n\t\t\tclass=\"so-widget-wwm-text-widget so-widget-wwm-text-widget-base\"\n\t\t\t\n\t\t><div style=\"color:;\"><div style=\"padding:0px;\"><table style=\"border-collapse: collapse; width: 100%; height: 169px;\" border=\"1\">\n<tbody>\n<tr style=\"height: 24px;\">\n<td style=\"width: 49.963045%; height: 24px;\" align=\"left\">Bistec \u201eHolzmacher\u201c<\/td>\n<td style=\"width: 50%; height: 24px;\">14,90 Euro<\/td>\n<\/tr>\n<tr style=\"height: 24px;\">\n<td style=\"width: 49.963045%; height: 24px;\">\n<div><span lang=\"IT\">Bistec de la Selva Negra<\/span><\/div>\n<\/td>\n<td style=\"width: 50%; height: 24px;\">18,90 Euro<\/td>\n<\/tr>\n<tr style=\"height: 24px;\">\n<td style=\"width: 49.963045%; height: 24px;\">Bistec de vaca Bergsee<\/td>\n<td style=\"width: 50%; height: 24px;\">24,90 Euro<\/td>\n<\/tr>\n<tr style=\"height: 24px;\">\n<td style=\"width: 49.963045%; height: 24px;\">\n<div><span lang=\"IT\">Filete de vacuno a la pimienta<\/span><\/div>\n<\/td>\n<td style=\"width: 50%; height: 24px;\">26,90 Euro<\/td>\n<\/tr>\n<tr style=\"height: 25px;\">\n<td style=\"width: 49.963045%; height: 25px;\">\n<div><span lang=\"IT\">Bistec de vaca de la Selva Negra<\/span><\/div>\n<\/td>\n<td style=\"width: 50%; height: 25px;\">29,90 Euro<\/td>\n<\/tr>\n<tr style=\"height: 24px;\">\n<td style=\"width: 49.963045%; height: 24px;\">\n<div><span lang=\"IT\">Bistec de vaca del Bergsee<\/span><\/div>\n<\/td>\n<td style=\"width: 50%; height: 24px;\">35,00 Euro<\/td>\n<\/tr>\n<\/tbody>\n<\/table>\n<\/div><\/div><\/div><\/div><\/div><div id=\"panel-wa2438e6f-0-0-2\" class=\"so-panel widget widget_wwm-button-widget panel-last-child\" data-index=\"2\" ><div class=\"panel-widget-style panel-widget-style-for-wa2438e6f-0-0-2\" ><div\n\t\t\t\n\t\t\tclass=\"so-widget-wwm-button-widget so-widget-wwm-button-widget-base\"\n\t\t\t\n\t\t><div style=\"text-align:center;\"><a class=\"button custom-btn btn-0\" href=\"https:\/\/www.bergsee-titisee.de\/downloads\/speisekarte-spanisch-bergsee-restaurant-titisee.pdf\" target=\"_blank\">Descargar men\u00fa<\/a><\/div><\/div><\/div><\/div><\/div><\/div><\/div><\/div><\/div><div class=\"wwm-specialcontent-image-right\"><img decoding=\"async\" src=\"https:\/\/www.bergsee-titisee.de\/wp-content\/uploads\/bergseee_speisekarte_fleisch.jpg\" \/><\/div><\/div><\/div><\/div><\/div><\/div><div id=\"pg-2354-4\"  class=\"panel-grid panel-no-style\" ><div id=\"pgc-2354-4-0\"  class=\"panel-grid-cell\" ><div id=\"panel-2354-4-0-0\" class=\"so-panel widget widget_wwm-specialcontent-widget panel-first-child panel-last-child\" data-index=\"4\" ><div\n\t\t\t\n\t\t\tclass=\"so-widget-wwm-specialcontent-widget so-widget-wwm-specialcontent-widget-base\"\n\t\t\t\n\t\t><div class=\"wwm-specialcontent\"><div class=\"wwm-specialcontent-image-left\"><img decoding=\"async\" src=\"https:\/\/www.bergsee-titisee.de\/wp-content\/uploads\/bergseee_speisekarte_haxe.jpg\" \/><\/div><div class=\"wwm-specialcontent-content-right\"><div id=\"pl-we14406dc\"  class=\"panel-layout\" ><div id=\"pg-we14406dc-0\"  class=\"panel-grid panel-has-style\" ><div class=\"panel-row-style panel-row-style-for-we14406dc-0\" ><div id=\"pgc-we14406dc-0-0\"  class=\"panel-grid-cell\" ><div id=\"panel-we14406dc-0-0-0\" class=\"so-panel widget widget_wwm-headline-widget panel-first-child\" data-index=\"0\" ><div class=\"panel-widget-style panel-widget-style-for-we14406dc-0-0-0\" ><div\n\t\t\t\n\t\t\tclass=\"so-widget-wwm-headline-widget so-widget-wwm-headline-widget-base\"\n\t\t\t\n\t\t><h2 class=\"wwm-headline1\" style=\"\">Escalopes y los cl\u00e1sicos<\/h2><h2 class=\"wwm-headline2\" style=\"\">Comida de casi todo el mundo<\/h2><\/div><\/div><\/div><div id=\"panel-we14406dc-0-0-1\" class=\"so-panel widget widget_wwm-text-widget\" data-index=\"1\" ><div class=\"panel-widget-style panel-widget-style-for-we14406dc-0-0-1\" ><div\n\t\t\t\n\t\t\tclass=\"so-widget-wwm-text-widget so-widget-wwm-text-widget-base\"\n\t\t\t\n\t\t><div style=\"color:;\"><div style=\"padding:0px;\"><table style=\"border-collapse: collapse; width: 98.336094%;\" border=\"1\">\n<tbody>\n<tr>\n<td style=\"width: 59.663356%;\">Escalope a la cazadora<\/td>\n<td style=\"width: 151.96854%;\">19,90 Euro<\/td>\n<\/tr>\n<tr>\n<td style=\"width: 59.663356%;\">\n<div><span lang=\"IT\">Pecho de buey de la Selva Negra<\/span><\/div>\n<\/td>\n<td style=\"width: 151.96854%;\">21,90 Euro<\/td>\n<\/tr>\n<tr>\n<td style=\"width: 59.663356%;\">Pierna de cerdo<\/td>\n<td style=\"width: 151.96854%;\">19,90 Euro<\/td>\n<\/tr>\n<tr>\n<td style=\"width: 59.663356%;\">\n<div><span lang=\"IT\">Salchicha con salsa de curry caliente<\/span><\/div>\n<\/td>\n<td style=\"width: 151.96854%;\">14,50 Euro<\/td>\n<\/tr>\n<tr>\n<td style=\"width: 59.663356%;\">Spaghettis a la bolo\u00f1esa<\/td>\n<td style=\"width: 151.96854%;\">14,90 Euro<\/td>\n<\/tr>\n<tr>\n<td style=\"width: 59.663356%;\">Salchichas gruesas<\/td>\n<td style=\"width: 151.96854%;\">17,90 Euro<\/td>\n<\/tr>\n<\/tbody>\n<\/table>\n<\/div><\/div><\/div><\/div><\/div><div id=\"panel-we14406dc-0-0-2\" class=\"so-panel widget widget_wwm-button-widget panel-last-child\" data-index=\"2\" ><div class=\"panel-widget-style panel-widget-style-for-we14406dc-0-0-2\" ><div\n\t\t\t\n\t\t\tclass=\"so-widget-wwm-button-widget so-widget-wwm-button-widget-base\"\n\t\t\t\n\t\t><div style=\"text-align:center;\"><a class=\"button custom-btn btn-0\" href=\"https:\/\/www.bergsee-titisee.de\/downloads\/speisekarte-spanisch-bergsee-restaurant-titisee.pdf\" target=\"_blank\">Descardar men\u00fa<\/a><\/div><\/div><\/div><\/div><\/div><\/div><\/div><\/div><\/div><\/div><\/div><\/div><\/div><\/div><div id=\"pg-2354-5\"  class=\"panel-grid panel-no-style\" ><div id=\"pgc-2354-5-0\"  class=\"panel-grid-cell\" ><div id=\"panel-2354-5-0-0\" class=\"so-panel widget widget_wwm-specialcontent-widget panel-first-child panel-last-child\" data-index=\"5\" ><div\n\t\t\t\n\t\t\tclass=\"so-widget-wwm-specialcontent-widget so-widget-wwm-specialcontent-widget-base\"\n\t\t\t\n\t\t><div class=\"wwm-specialcontent\"><div class=\"wwm-specialcontent-content-left\"><div id=\"pl-w677b4223\"  class=\"panel-layout\" ><div id=\"pg-w677b4223-0\"  class=\"panel-grid panel-has-style\" ><div class=\"panel-row-style panel-row-style-for-w677b4223-0\" ><div id=\"pgc-w677b4223-0-0\"  class=\"panel-grid-cell\" ><div id=\"panel-w677b4223-0-0-0\" class=\"so-panel widget widget_wwm-headline-widget panel-first-child\" data-index=\"0\" ><div class=\"panel-widget-style panel-widget-style-for-w677b4223-0-0-0\" ><div\n\t\t\t\n\t\t\tclass=\"so-widget-wwm-headline-widget so-widget-wwm-headline-widget-base\"\n\t\t\t\n\t\t><h2 class=\"wwm-headline1\" style=\"\">Menu para ni\u00f1os<\/h2><h2 class=\"wwm-headline2\" style=\"\">para nuestros peque\u00f1os hu\u00e9spedes<\/h2><\/div><\/div><\/div><div id=\"panel-w677b4223-0-0-1\" class=\"so-panel widget widget_wwm-text-widget\" data-index=\"1\" ><div class=\"panel-widget-style panel-widget-style-for-w677b4223-0-0-1\" ><div\n\t\t\t\n\t\t\tclass=\"so-widget-wwm-text-widget so-widget-wwm-text-widget-base\"\n\t\t\t\n\t\t><div style=\"color:;\"><div style=\"padding:0px;\"><table style=\"border-collapse: collapse; width: 100%; height: 169px;\" border=\"1\">\n<tbody>\n<tr style=\"height: 24px;\">\n<td style=\"width: 65.631929%; height: 24px;\" align=\"left\">\n<div><span lang=\"EN-US\">escalope empanado de cerdo y patatas fritas<\/span><\/div>\n<\/td>\n<td style=\"width: 34.331116%; height: 24px;\">9,50 Euro<\/td>\n<\/tr>\n<tr style=\"height: 24px;\">\n<td style=\"width: 65.631929%; height: 24px;\">\n<div><span lang=\"IT\">Sp\u00e4tzle con salsa de crema<\/span><\/div>\n<\/td>\n<td style=\"width: 34.331116%; height: 24px;\">5,90 Euro<\/td>\n<\/tr>\n<tr style=\"height: 24px;\">\n<td style=\"width: 65.631929%; height: 24px;\"><span lang=\"IT\"><span lang=\"IT\">spaghettis con salsa de tomate\u00a0<\/span><\/span><span style=\"font-family: inherit; font-size: inherit;\">o salsa de carne picada<\/span><\/td>\n<td style=\"width: 34.331116%; height: 24px;\">7,90 Euro<\/td>\n<\/tr>\n<tr style=\"height: 24px;\">\n<td style=\"width: 65.631929%; height: 24px;\">\n<div><span lang=\"IT\">Patatas ralladas fritas con pur\u00e9 de manzana<\/span><\/div>\n<\/td>\n<td style=\"width: 34.331116%; height: 24px;\">7,90 Euro<\/td>\n<\/tr>\n<tr style=\"height: 25px;\">\n<td style=\"width: 65.631929%; height: 25px;\">Hamburguesa con patatas fritas<\/td>\n<td style=\"width: 34.331116%; height: 25px;\">10,50 Euro<\/td>\n<\/tr>\n<tr style=\"height: 24px;\">\n<td style=\"width: 65.631929%; height: 24px;\">\n<div><span lang=\"IT\">Nuggets de pollo con patatas fritas<\/span><\/div>\n<\/td>\n<td style=\"width: 34.331116%; height: 24px;\">8,90 Euro<\/td>\n<\/tr>\n<\/tbody>\n<\/table>\n<\/div><\/div><\/div><\/div><\/div><div id=\"panel-w677b4223-0-0-2\" class=\"so-panel widget widget_wwm-button-widget panel-last-child\" data-index=\"2\" ><div class=\"panel-widget-style panel-widget-style-for-w677b4223-0-0-2\" ><div\n\t\t\t\n\t\t\tclass=\"so-widget-wwm-button-widget so-widget-wwm-button-widget-base\"\n\t\t\t\n\t\t><div style=\"text-align:center;\"><a class=\"button custom-btn btn-0\" href=\"https:\/\/www.bergsee-titisee.de\/downloads\/speisekarte-spanisch-bergsee-restaurant-titisee.pdf\" target=\"_blank\">Descargar men\u00fa<\/a><\/div><\/div><\/div><\/div><\/div><\/div><\/div><\/div><\/div><div class=\"wwm-specialcontent-image-right\"><img decoding=\"async\" src=\"https:\/\/www.bergsee-titisee.de\/wp-content\/uploads\/bergseee_speisekarte_kinderkarte.jpg\" \/><\/div><\/div><\/div><\/div><\/div><\/div><\/div>","protected":false},"excerpt":{"rendered":"<p>Tarta flameada y Tentempi\u00e9Delicias de la Selva Negra Bandeja de jam\u00f3n de los 4 valles 18,90 Euro Tentempi\u00e9 dominical de la Selva Negra 22,50 Euro Especialidades de Bergsee 39,00 Euro Ensalada de salchichas al estilo suizo 13,90 Euro Tarta flambeada 14,00 Euro Tarta de salm\u00f3n flambeada 14,00 Euro Tarta de [&hellip;]<\/p>\n","protected":false},"author":3,"featured_media":0,"parent":0,"menu_order":0,"comment_status":"closed","ping_status":"closed","template":"","meta":{"_acf_changed":false,"footnotes":""},"class_list":["post-2354","page","type-page","status-publish","hentry"],"acf":[],"_links":{"self":[{"href":"https:\/\/www.bergsee-titisee.de\/es\/wp-json\/wp\/v2\/pages\/2354","targetHints":{"allow":["GET"]}}],"collection":[{"href":"https:\/\/www.bergsee-titisee.de\/es\/wp-json\/wp\/v2\/pages"}],"about":[{"href":"https:\/\/www.bergsee-titisee.de\/es\/wp-json\/wp\/v2\/types\/page"}],"author":[{"embeddable":true,"href":"https:\/\/www.bergsee-titisee.de\/es\/wp-json\/wp\/v2\/users\/3"}],"replies":[{"embeddable":true,"href":"https:\/\/www.bergsee-titisee.de\/es\/wp-json\/wp\/v2\/comments?post=2354"}],"version-history":[{"count":16,"href":"https:\/\/www.bergsee-titisee.de\/es\/wp-json\/wp\/v2\/pages\/2354\/revisions"}],"predecessor-version":[{"id":2510,"href":"https:\/\/www.bergsee-titisee.de\/es\/wp-json\/wp\/v2\/pages\/2354\/revisions\/2510"}],"wp:attachment":[{"href":"https:\/\/www.bergsee-titisee.de\/es\/wp-json\/wp\/v2\/media?parent=2354"}],"curies":[{"name":"wp","href":"https:\/\/api.w.org\/{rel}","templated":true}]}}