{"id":2348,"date":"2019-05-31T12:47:30","date_gmt":"2019-05-31T10:47:30","guid":{"rendered":"https:\/\/www.bergsee-titisee.de\/restaurant\/"},"modified":"2023-06-14T10:57:01","modified_gmt":"2023-06-14T08:57:01","slug":"restaurant","status":"publish","type":"page","link":"https:\/\/www.bergsee-titisee.de\/es\/","title":{"rendered":"Restaurante"},"content":{"rendered":"<div id=\"pl-2348\"  class=\"panel-layout\" ><div id=\"pg-2348-0\"  class=\"panel-grid panel-no-style\" ><div id=\"pgc-2348-0-0\"  class=\"panel-grid-cell\" ><div id=\"panel-2348-0-0-0\" class=\"so-panel widget widget_wwm-specialcontent-widget panel-first-child panel-last-child\" data-index=\"0\" ><div\n\t\t\t\n\t\t\tclass=\"so-widget-wwm-specialcontent-widget so-widget-wwm-specialcontent-widget-base\"\n\t\t\t\n\t\t><div class=\"wwm-specialcontent\"><div class=\"wwm-specialcontent-image-left\"><img decoding=\"async\" src=\"https:\/\/www.bergsee-titisee.de\/wp-content\/uploads\/content.jpg\" \/><\/div><div class=\"wwm-specialcontent-content-right\"><div id=\"pl-we9fce108\"  class=\"panel-layout\" ><div id=\"pg-we9fce108-0\"  class=\"panel-grid panel-has-style\" ><div class=\"panel-row-style panel-row-style-for-we9fce108-0\" ><div id=\"pgc-we9fce108-0-0\"  class=\"panel-grid-cell\" ><div id=\"panel-we9fce108-0-0-0\" class=\"so-panel widget widget_wwm-headline-widget panel-first-child\" data-index=\"0\" ><div class=\"panel-widget-style panel-widget-style-for-we9fce108-0-0-0\" ><div\n\t\t\t\n\t\t\tclass=\"so-widget-wwm-headline-widget so-widget-wwm-headline-widget-base\"\n\t\t\t\n\t\t><h2 class=\"wwm-headline1\" style=\"\">Local<\/h2><h2 class=\"wwm-headline2\" style=\"\">Pintoresco y r\u00fastico<\/h2><\/div><\/div><\/div><div id=\"panel-we9fce108-0-0-1\" class=\"so-panel widget widget_wwm-text-widget panel-last-child\" data-index=\"1\" ><div class=\"panel-widget-style panel-widget-style-for-we9fce108-0-0-1\" ><div\n\t\t\t\n\t\t\tclass=\"so-widget-wwm-text-widget so-widget-wwm-text-widget-base\"\n\t\t\t\n\t\t><div style=\"background:url();background-size:cover;color:;\"><div style=\"padding:0px;\"><div>\n<p><span class=\"tlid-translation\"><span lang=\"ES\">El gran restaurante Bergsee es muy tradicional y de estilo casero.<\/span><\/span><span class=\"apple-converted-space\"><span lang=\"ES\">\u00a0<\/span><\/span><span class=\"tlid-translation\"><span lang=\"ES\">En los acogedores nichos, en las paredes y en las decoraciones de hierro forjado en todo el comedor, a\u00fan puede descubrir numerosas pinturas a mano reales de lugares especiales o lugares de la regi\u00f3n.<\/span><\/span><span class=\"apple-converted-space\"><span lang=\"ES\">\u00a0<\/span><\/span><span class=\"tlid-translation\"><span lang=\"ES\">All\u00ed puede ver, por ejemplo, el Feldsee, Gutachtal, Friburgo, St. Georgen, Triberg o Krunkelbachh\u00fctte.<\/span><\/span><span class=\"apple-converted-space\"><span lang=\"ES\">\u00a0<\/span><\/span><span class=\"tlid-translation\"><span lang=\"ES\">Emprende un viaje de descubrimiento.<\/span><\/span><\/p>\n<\/div>\n<div><span lang=\"IT\">Nuestro gran mostrador de pasteles tambi\u00e9n se encuentra en el restaurante Bergsee.D\u00e9jese tentar despu\u00e9s de una comida con un trozo de tarta o un trozo de tarta casera de cerezas de la Selva Negra y disfrute de un caf\u00e9 caliente.<span class=\"apple-converted-space\">\u00a0<\/span><span class=\"alt-edited\">Hasta 150 personas se pueden acomodar aqu\u00ed.<\/span><\/span><\/div>\n<\/div><\/div><\/div><\/div><\/div><\/div><\/div><\/div><\/div><\/div><\/div><\/div><\/div><\/div><\/div><div id=\"pg-2348-1\"  class=\"panel-grid panel-no-style\" ><div id=\"pgc-2348-1-0\"  class=\"panel-grid-cell\" ><div id=\"panel-2348-1-0-0\" class=\"so-panel widget widget_wwm-specialcontent-widget panel-first-child panel-last-child\" data-index=\"1\" ><div\n\t\t\t\n\t\t\tclass=\"so-widget-wwm-specialcontent-widget so-widget-wwm-specialcontent-widget-base\"\n\t\t\t\n\t\t><div class=\"wwm-specialcontent\"><div class=\"wwm-specialcontent-content-left\"><div id=\"pl-w019d9fba\"  class=\"panel-layout\" ><div id=\"pg-w019d9fba-0\"  class=\"panel-grid panel-has-style\" ><div class=\"panel-row-style panel-row-style-for-w019d9fba-0\" ><div id=\"pgc-w019d9fba-0-0\"  class=\"panel-grid-cell\" ><div id=\"panel-w019d9fba-0-0-0\" class=\"so-panel widget widget_wwm-headline-widget panel-first-child\" data-index=\"0\" ><div class=\"panel-widget-style panel-widget-style-for-w019d9fba-0-0-0\" ><div\n\t\t\t\n\t\t\tclass=\"so-widget-wwm-headline-widget so-widget-wwm-headline-widget-base\"\n\t\t\t\n\t\t><h2 class=\"wwm-headline1\" style=\"\">Salones<\/h2><h2 class=\"wwm-headline2\" style=\"\">Acogedor y castizo<\/h2><\/div><\/div><\/div><div id=\"panel-w019d9fba-0-0-1\" class=\"so-panel widget widget_wwm-text-widget panel-last-child\" data-index=\"1\" ><div class=\"panel-widget-style panel-widget-style-for-w019d9fba-0-0-1\" ><div\n\t\t\t\n\t\t\tclass=\"so-widget-wwm-text-widget so-widget-wwm-text-widget-base\"\n\t\t\t\n\t\t><div style=\"background:url();background-size:cover;color:;\"><div style=\"padding:0px;\"><div>\n<p><span class=\"tlid-translation\"><span lang=\"ES\">Nuestros dos salones en el estilo original de la Selva Negra tienen un encanto muy especial.<\/span><\/span><span class=\"apple-converted-space\"><span lang=\"ES\">\u00a0<\/span><\/span><span class=\"tlid-translation\"><span lang=\"ES\">En la<\/span><\/span><span class=\"apple-converted-space\"><span lang=\"ES\">\u00a0<\/span><\/span><span class=\"alt-edited\"><span lang=\"ES\">sala de reloj<\/span><\/span><span class=\"apple-converted-space\"><span lang=\"ES\">\u00a0<\/span><\/span><span class=\"tlid-translation\"><span lang=\"ES\">hay una gran mesa redonda, almohadas rojas y cortinas bonitas con tulipanes rojos.<\/span><\/span><span class=\"apple-converted-space\"><span lang=\"ES\">\u00a0<\/span><\/span><span class=\"tlid-translation\"><span lang=\"ES\">La relojer\u00eda debe su nombre a los relojes de la Selva Negra en las paredes.<\/span><\/span><span class=\"apple-converted-space\"><span lang=\"ES\">\u00a0<\/span><\/span><span class=\"tlid-translation\"><span lang=\"ES\">El J\u00e4gerstube, por otro lado, tiene acentos azules, como las cortinas con ciervos y los cojines azules de las sillas.<\/span><\/span><span class=\"apple-converted-space\"><span lang=\"ES\">\u00a0<\/span><\/span><span class=\"tlid-translation\"><span lang=\"ES\">Aqu\u00ed tambi\u00e9n encontrar\u00e1 la acogedora estufa de azulejos con banco y, por supuesto, los trofeos de caza en las paredes.<\/span><\/span><span class=\"apple-converted-space\"><span lang=\"ES\">\u00a0<\/span><\/span><span class=\"tlid-translation\"><span lang=\"ES\">Ambas habitaciones tienen bonitas ventanas de celos\u00eda, est\u00e1n completamente cubiertas de madera y se pueden separar con una partici\u00f3n si es necesario.<\/span><\/span><span class=\"apple-converted-space\"><span lang=\"ES\">\u00a0<\/span><\/span><span class=\"tlid-translation\"><span lang=\"ES\">Un total de hasta 80 personas se pueden alojar aqu\u00ed.<\/span><\/span><\/p>\n<\/div>\n<\/div><\/div><\/div><\/div><\/div><\/div><\/div><\/div><\/div><\/div><div class=\"wwm-specialcontent-image-right\"><img decoding=\"async\" src=\"https:\/\/www.bergsee-titisee.de\/wp-content\/uploads\/content.jpg\" \/><\/div><\/div><\/div><\/div><\/div><\/div><div id=\"pg-2348-2\"  class=\"panel-grid panel-no-style\" ><div id=\"pgc-2348-2-0\"  class=\"panel-grid-cell\" ><div id=\"panel-2348-2-0-0\" class=\"so-panel widget widget_wwm-specialcontent-widget panel-first-child panel-last-child\" data-index=\"2\" ><div\n\t\t\t\n\t\t\tclass=\"so-widget-wwm-specialcontent-widget so-widget-wwm-specialcontent-widget-base\"\n\t\t\t\n\t\t><div class=\"wwm-specialcontent\"><div class=\"wwm-specialcontent-image-left\"><img decoding=\"async\" src=\"https:\/\/www.bergsee-titisee.de\/wp-content\/uploads\/bergseee_restaurant_terrasse.jpg\" \/><\/div><div class=\"wwm-specialcontent-content-right\"><div id=\"pl-w9eb45715\"  class=\"panel-layout\" ><div id=\"pg-w9eb45715-0\"  class=\"panel-grid panel-has-style\" ><div class=\"panel-row-style panel-row-style-for-w9eb45715-0\" ><div id=\"pgc-w9eb45715-0-0\"  class=\"panel-grid-cell\" ><div id=\"panel-w9eb45715-0-0-0\" class=\"so-panel widget widget_wwm-headline-widget panel-first-child\" data-index=\"0\" ><div class=\"panel-widget-style panel-widget-style-for-w9eb45715-0-0-0\" ><div\n\t\t\t\n\t\t\tclass=\"so-widget-wwm-headline-widget so-widget-wwm-headline-widget-base\"\n\t\t\t\n\t\t><h2 class=\"wwm-headline1\" style=\"\">Terraza<\/h2><h2 class=\"wwm-headline2\" style=\"\">Un lugar en el sol<\/h2><\/div><\/div><\/div><div id=\"panel-w9eb45715-0-0-1\" class=\"so-panel widget widget_wwm-text-widget panel-last-child\" data-index=\"1\" ><div class=\"panel-widget-style panel-widget-style-for-w9eb45715-0-0-1\" ><div\n\t\t\t\n\t\t\tclass=\"so-widget-wwm-text-widget so-widget-wwm-text-widget-base\"\n\t\t\t\n\t\t><div style=\"background:url();background-size:cover;color:;\"><div style=\"padding:0px;\"><div>\n<p><span class=\"tlid-translation\"><span lang=\"ES\">Lo m\u00e1s destacado de nuestro hermoso restaurante de la Selva Negra es la gran terraza.Aqu\u00ed puede disfrutar de una maravillosa vista sobre el lago Titisee y el panorama del Bosque Negro detr\u00e1s, con altas monta\u00f1as y bosques oscuros en verano e invierno.<\/span><\/span><span class=\"apple-converted-space\"><span lang=\"ES\">\u00a0<\/span><\/span><span class=\"tlid-translation\"><span lang=\"ES\">En verano con una ensalada fresca o un gran helado y en invierno con un abundante nudillo de cerdo y un vino caliente caliente.<\/span><\/span><span class=\"apple-converted-space\"><span lang=\"ES\">\u00a0<\/span><\/span><span class=\"tlid-translation\"><span lang=\"ES\">\u00a1No deber\u00edas perderte esto!<\/span><\/span><\/p>\n<\/div>\n<\/div><\/div><\/div><\/div><\/div><\/div><\/div><\/div><\/div><\/div><\/div><\/div><\/div><\/div><\/div><\/div>","protected":false},"excerpt":{"rendered":"<p>LocalPintoresco y r\u00fastico El gran restaurante Bergsee es muy tradicional y de estilo casero.\u00a0En los acogedores nichos, en las paredes y en las decoraciones de hierro forjado en todo el comedor, a\u00fan puede descubrir numerosas pinturas a mano reales de lugares especiales o lugares de la regi\u00f3n.\u00a0All\u00ed puede ver, por [&hellip;]<\/p>\n","protected":false},"author":3,"featured_media":0,"parent":0,"menu_order":0,"comment_status":"closed","ping_status":"closed","template":"","meta":{"_acf_changed":false,"footnotes":""},"class_list":["post-2348","page","type-page","status-publish","hentry"],"acf":[],"_links":{"self":[{"href":"https:\/\/www.bergsee-titisee.de\/es\/wp-json\/wp\/v2\/pages\/2348","targetHints":{"allow":["GET"]}}],"collection":[{"href":"https:\/\/www.bergsee-titisee.de\/es\/wp-json\/wp\/v2\/pages"}],"about":[{"href":"https:\/\/www.bergsee-titisee.de\/es\/wp-json\/wp\/v2\/types\/page"}],"author":[{"embeddable":true,"href":"https:\/\/www.bergsee-titisee.de\/es\/wp-json\/wp\/v2\/users\/3"}],"replies":[{"embeddable":true,"href":"https:\/\/www.bergsee-titisee.de\/es\/wp-json\/wp\/v2\/comments?post=2348"}],"version-history":[{"count":6,"href":"https:\/\/www.bergsee-titisee.de\/es\/wp-json\/wp\/v2\/pages\/2348\/revisions"}],"predecessor-version":[{"id":2418,"href":"https:\/\/www.bergsee-titisee.de\/es\/wp-json\/wp\/v2\/pages\/2348\/revisions\/2418"}],"wp:attachment":[{"href":"https:\/\/www.bergsee-titisee.de\/es\/wp-json\/wp\/v2\/media?parent=2348"}],"curies":[{"name":"wp","href":"https:\/\/api.w.org\/{rel}","templated":true}]}}