{"id":2336,"date":"2023-06-07T00:09:23","date_gmt":"2023-06-06T22:09:23","guid":{"rendered":"https:\/\/www.bergsee-titisee.de\/gruppen\/"},"modified":"2026-02-03T08:53:42","modified_gmt":"2026-02-03T07:53:42","slug":"grupos","status":"publish","type":"page","link":"https:\/\/www.bergsee-titisee.de\/es\/grupos\/","title":{"rendered":"Grupos"},"content":{"rendered":"<div id=\"pl-2336\"  class=\"panel-layout\" ><div id=\"pg-2336-0\"  class=\"panel-grid panel-no-style\" ><div id=\"pgc-2336-0-0\"  class=\"panel-grid-cell\" ><div id=\"panel-2336-0-0-0\" class=\"so-panel widget widget_wwm-specialcontent-widget panel-first-child panel-last-child\" data-index=\"0\" ><div\n\t\t\t\n\t\t\tclass=\"so-widget-wwm-specialcontent-widget so-widget-wwm-specialcontent-widget-base\"\n\t\t\t\n\t\t><div class=\"wwm-specialcontent\"><div class=\"wwm-specialcontent-image-left\"><img decoding=\"async\" src=\"https:\/\/www.bergsee-titisee.de\/wp-content\/uploads\/bergseee_reisegruppen_kaffee_kuchen.jpg\" \/><\/div><div class=\"wwm-specialcontent-content-right\"><div id=\"pl-wd113ee78\"  class=\"panel-layout\" ><div id=\"pg-wd113ee78-0\"  class=\"panel-grid panel-has-style\" ><div class=\"panel-row-style panel-row-style-for-wd113ee78-0\" ><div id=\"pgc-wd113ee78-0-0\"  class=\"panel-grid-cell\" ><div id=\"panel-wd113ee78-0-0-0\" class=\"so-panel widget widget_wwm-headline-widget panel-first-child\" data-index=\"0\" ><div class=\"panel-widget-style panel-widget-style-for-wd113ee78-0-0-0\" ><div\n\t\t\t\n\t\t\tclass=\"so-widget-wwm-headline-widget so-widget-wwm-headline-widget-base\"\n\t\t\t\n\t\t><h2 class=\"wwm-headline1\" style=\"\">Grupos de viaje<\/h2><h2 class=\"wwm-headline2\" style=\"\">son muy bienvenidos<\/h2><\/div><\/div><\/div><div id=\"panel-wd113ee78-0-0-1\" class=\"so-panel widget widget_wwm-text-widget\" data-index=\"1\" ><div class=\"panel-widget-style panel-widget-style-for-wd113ee78-0-0-1\" ><div\n\t\t\t\n\t\t\tclass=\"so-widget-wwm-text-widget so-widget-wwm-text-widget-base\"\n\t\t\t\n\t\t><div style=\"background:url();background-size:cover;color:;\"><div style=\"padding:0px;\"><div>\n<p><span class=\"tlid-translation\"><span lang=\"ES\">Para grupos de turistas, ofrecemos men\u00fas especiales, coffee breaks y ofertas combinadas con tarta de cerezas de la Selva Negra, una taza de caf\u00e9 y un viaje en barco por el Titisee a un precio especial.<\/span><\/span><span class=\"apple-converted-space\"><span lang=\"ES\">\u00a0<\/span><\/span><span class=\"tlid-translation\"><span lang=\"ES\">Puede comunicarse con nosotros desde los estacionamientos de autobuses a trav\u00e9s de un camino corto a trav\u00e9s de la zona peatonal.<\/span><\/span><\/p>\n<\/div>\n<div><span lang=\"IT\">Planifique una parada en el restaurante Bergsee durante su viaje y experimente una verdadera pieza de la Selva Negra.<\/span><\/div>\n<\/div><\/div><\/div><\/div><\/div><div id=\"panel-wd113ee78-0-0-2\" class=\"so-panel widget widget_wwm-button-widget panel-last-child\" data-index=\"2\" ><div class=\"panel-widget-style panel-widget-style-for-wd113ee78-0-0-2\" ><div\n\t\t\t\n\t\t\tclass=\"so-widget-wwm-button-widget so-widget-wwm-button-widget-base\"\n\t\t\t\n\t\t><div style=\"text-align:center;\"><a class=\"button custom-btn btn-0\" href=\"https:\/\/www.bergsee-titisee.de\/downloads\/reisegruppen-menu-bergsee-spanisch-2026.pdf\" target=\"_blank\">men\u00fa de grupos de viaje 2026<\/a><\/div><\/div><\/div><\/div><\/div><\/div><\/div><\/div><\/div><\/div><\/div><\/div><\/div><\/div><div id=\"pg-2336-1\"  class=\"panel-grid panel-no-style\" ><div id=\"pgc-2336-1-0\"  class=\"panel-grid-cell\" ><div id=\"panel-2336-1-0-0\" class=\"so-panel widget widget_wwm-specialcontent-widget panel-first-child panel-last-child\" data-index=\"1\" ><div\n\t\t\t\n\t\t\tclass=\"so-widget-wwm-specialcontent-widget so-widget-wwm-specialcontent-widget-base\"\n\t\t\t\n\t\t><div class=\"wwm-specialcontent\"><div class=\"wwm-specialcontent-content-left\"><div id=\"pl-w1d40314e\"  class=\"panel-layout\" ><div id=\"pg-w1d40314e-0\"  class=\"panel-grid panel-has-style\" ><div class=\"panel-row-style panel-row-style-for-w1d40314e-0\" ><div id=\"pgc-w1d40314e-0-0\"  class=\"panel-grid-cell\" ><div id=\"panel-w1d40314e-0-0-0\" class=\"so-panel widget widget_wwm-headline-widget panel-first-child\" data-index=\"0\" ><div class=\"panel-widget-style panel-widget-style-for-w1d40314e-0-0-0\" ><div\n\t\t\t\n\t\t\tclass=\"so-widget-wwm-headline-widget so-widget-wwm-headline-widget-base\"\n\t\t\t\n\t\t><h2 class=\"wwm-headline1\" style=\"\">Sociedades<\/h2><h2 class=\"wwm-headline2\" style=\"\">encuentra su lugar aqu\u00ed<\/h2><\/div><\/div><\/div><div id=\"panel-w1d40314e-0-0-1\" class=\"so-panel widget widget_wwm-text-widget panel-last-child\" data-index=\"1\" ><div class=\"panel-widget-style panel-widget-style-for-w1d40314e-0-0-1\" ><div\n\t\t\t\n\t\t\tclass=\"so-widget-wwm-text-widget so-widget-wwm-text-widget-base\"\n\t\t\t\n\t\t><div style=\"background:url();background-size:cover;color:;\"><div style=\"padding:0px;\"><div>\n<p><span class=\"tlid-translation\"><span lang=\"ES\">Las asociaciones tambi\u00e9n son bienvenidas.<\/span><\/span><span class=\"apple-converted-space\"><span lang=\"ES\">\u00a0<\/span><\/span><span class=\"tlid-translation\"><span lang=\"ES\">Para cada peque\u00f1o deseo por ejemplo la mesa de los asiduos, as\u00ed como para la reuni\u00f3n del club cumplimos.<\/span><\/span><\/p>\n<\/div>\n<\/div><\/div><\/div><\/div><\/div><\/div><\/div><\/div><\/div><\/div><div class=\"wwm-specialcontent-image-right\"><img decoding=\"async\" src=\"https:\/\/www.bergsee-titisee.de\/wp-content\/uploads\/bergseee_restaurant_nieschen.jpg\" \/><\/div><\/div><\/div><\/div><\/div><\/div><div id=\"pg-2336-2\"  class=\"panel-grid panel-no-style\" ><div id=\"pgc-2336-2-0\"  class=\"panel-grid-cell\" ><div id=\"panel-2336-2-0-0\" class=\"so-panel widget widget_wwm-specialcontent-widget panel-first-child panel-last-child\" data-index=\"2\" ><div\n\t\t\t\n\t\t\tclass=\"so-widget-wwm-specialcontent-widget so-widget-wwm-specialcontent-widget-base\"\n\t\t\t\n\t\t><div class=\"wwm-specialcontent\"><div class=\"wwm-specialcontent-image-left\"><img decoding=\"async\" src=\"https:\/\/www.bergsee-titisee.de\/wp-content\/uploads\/bergseee_restaurant_feiern.jpg\" \/><\/div><div class=\"wwm-specialcontent-content-right\"><div id=\"pl-w43749d03\"  class=\"panel-layout\" ><div id=\"pg-w43749d03-0\"  class=\"panel-grid panel-has-style\" ><div class=\"panel-row-style panel-row-style-for-w43749d03-0\" ><div id=\"pgc-w43749d03-0-0\"  class=\"panel-grid-cell\" ><div id=\"panel-w43749d03-0-0-0\" class=\"so-panel widget widget_wwm-headline-widget panel-first-child\" data-index=\"0\" ><div class=\"panel-widget-style panel-widget-style-for-w43749d03-0-0-0\" ><div\n\t\t\t\n\t\t\tclass=\"so-widget-wwm-headline-widget so-widget-wwm-headline-widget-base\"\n\t\t\t\n\t\t><h2 class=\"wwm-headline1\" style=\"\">Celebraciones<\/h2><h2 class=\"wwm-headline2\" style=\"\">mucho espacio para su fiesta<\/h2><\/div><\/div><\/div><div id=\"panel-w43749d03-0-0-1\" class=\"so-panel widget widget_wwm-text-widget panel-last-child\" data-index=\"1\" ><div class=\"panel-widget-style panel-widget-style-for-w43749d03-0-0-1\" ><div\n\t\t\t\n\t\t\tclass=\"so-widget-wwm-text-widget so-widget-wwm-text-widget-base\"\n\t\t\t\n\t\t><div style=\"background:url();background-size:cover;color:;\"><div style=\"padding:0px;\"><div>\n<p><span class=\"tlid-translation\"><span lang=\"ES\">\u00bfUsted se casa y busca un lugar agradable en el lago Titisee para cenar despu\u00e9s de la boda?<\/span><\/span><span class=\"apple-converted-space\"><span lang=\"ES\">\u00a0<\/span><\/span><span class=\"tlid-translation\"><span lang=\"ES\">\u00bfSu club est\u00e1 planificando la celebraci\u00f3n anual, su hijo tiene comuni\u00f3n o confirmaci\u00f3n o le gustar\u00eda celebrar su cumplea\u00f1os en grupos grandes?\u00a0Nuestras diversas salas de restaurante ofrecen el escenario perfecto para celebraciones grandes y peque\u00f1as.<\/span><\/span><span class=\"apple-converted-space\"><span lang=\"ES\">\u00a0<\/span><\/span><span class=\"tlid-translation\"><span lang=\"ES\">Junto con usted, pensaremos en un buen men\u00fa o un buf\u00e9 atractivo para su compa\u00f1\u00eda y para el postre tambi\u00e9n estaremos encantados de servirle un pedazo de pastel de cereza de la Selva Negra.<\/span><\/span><\/p>\n<\/div>\n<div>\n<p><span lang=\"IT\">Consejo: \u00bfQu\u00e9 tal un paseo en bote antes o despu\u00e9s de la cena?<span class=\"apple-converted-space\">\u00a0<\/span>Hable con nosotros, estaremos encantados de organizarlo para usted.<\/span><\/p>\n<\/div>\n<\/div><\/div><\/div><\/div><\/div><\/div><\/div><\/div><\/div><\/div><\/div><\/div><\/div><\/div><\/div><div id=\"pg-2336-3\"  class=\"panel-grid panel-has-style\" ><div class=\"wwm-specialcontent-gruppen panel-row-style panel-row-style-for-2336-3\" ><div id=\"pgc-2336-3-0\"  class=\"panel-grid-cell\" ><div id=\"panel-2336-3-0-0\" class=\"so-panel widget widget_wwm-specialcontent-widget panel-first-child panel-last-child\" data-index=\"3\" ><div\n\t\t\t\n\t\t\tclass=\"so-widget-wwm-specialcontent-widget so-widget-wwm-specialcontent-widget-base\"\n\t\t\t\n\t\t><div class=\"wwm-specialcontent\"><div class=\"wwm-specialcontent-content-left\"><div id=\"pl-w8eab4548\"  class=\"panel-layout\" ><div id=\"pg-w8eab4548-0\"  class=\"panel-grid panel-has-style\" ><div class=\"panel-row-style panel-row-style-for-w8eab4548-0\" ><div id=\"pgc-w8eab4548-0-0\"  class=\"panel-grid-cell\" ><div id=\"panel-w8eab4548-0-0-0\" class=\"so-panel widget widget_wwm-headline-widget panel-first-child\" data-index=\"0\" ><div class=\"panel-widget-style panel-widget-style-for-w8eab4548-0-0-0\" ><div\n\t\t\t\n\t\t\tclass=\"so-widget-wwm-headline-widget so-widget-wwm-headline-widget-base\"\n\t\t\t\n\t\t><h2 class=\"wwm-headline1\" style=\"\">Pasear<\/h2><h2 class=\"wwm-headline2\" style=\"\">comer y hacer compras<\/h2><\/div><\/div><\/div><div id=\"panel-w8eab4548-0-0-1\" class=\"so-panel widget widget_wwm-text-widget panel-last-child\" data-index=\"1\" ><div class=\"panel-widget-style panel-widget-style-for-w8eab4548-0-0-1\" ><div\n\t\t\t\n\t\t\tclass=\"so-widget-wwm-text-widget so-widget-wwm-text-widget-base\"\n\t\t\t\n\t\t><div style=\"background:url();background-size:cover;color:;\"><div style=\"padding:0px;\"><p style=\"font-weight: 400;\">Adem\u00e1s de la taberna al aire libre con snack bar y el restaurante Bergsee en el piso superior del Titisee-Passage, encontrar\u00e1 otras tiendas en el peque\u00f1o centro comercial.<br \/>\n<strong>Seel\u00e4dele de Gutscher<\/strong>: jam\u00f3n de la Selva Negra y otras especialidades regionales de salchichas y mucho m\u00e1s.<br \/>\n<strong>Bootsbetrieb Schweizer<\/strong>: amarres para los botes de turismo el\u00e9ctrico \u201cIngrid\u201d y \u201cCarola\u201d, pero tambi\u00e9n botes de remos, botes de pedal, botes de motor el\u00e9ctrico y botes de ba\u00f1o con toboganes<br \/>\n<strong>Helader\u00eda Carola<\/strong>: aqu\u00ed encuentran muchos tipos de helados deliciosos de frutas y de nata y mucho m\u00e1s.<\/p>\n<\/div><\/div><\/div><\/div><\/div><\/div><\/div><\/div><\/div><\/div><div class=\"wwm-specialcontent-image-right\"><img decoding=\"async\" src=\"https:\/\/www.bergsee-titisee.de\/wp-content\/uploads\/bergseee_gruppen_schlemmen.jpg\" \/><\/div><\/div><\/div><\/div><\/div><\/div><\/div><\/div>","protected":false},"excerpt":{"rendered":"<p>Grupos de viajeson muy bienvenidos Para grupos de turistas, ofrecemos men\u00fas especiales, coffee breaks y ofertas combinadas con tarta de cerezas de la Selva Negra, una taza de caf\u00e9 y un viaje en barco por el Titisee a un precio especial.\u00a0Puede comunicarse con nosotros desde los estacionamientos de autobuses a [&hellip;]<\/p>\n","protected":false},"author":3,"featured_media":0,"parent":0,"menu_order":0,"comment_status":"closed","ping_status":"closed","template":"","meta":{"_acf_changed":false,"footnotes":""},"class_list":["post-2336","page","type-page","status-publish","hentry"],"acf":[],"_links":{"self":[{"href":"https:\/\/www.bergsee-titisee.de\/es\/wp-json\/wp\/v2\/pages\/2336","targetHints":{"allow":["GET"]}}],"collection":[{"href":"https:\/\/www.bergsee-titisee.de\/es\/wp-json\/wp\/v2\/pages"}],"about":[{"href":"https:\/\/www.bergsee-titisee.de\/es\/wp-json\/wp\/v2\/types\/page"}],"author":[{"embeddable":true,"href":"https:\/\/www.bergsee-titisee.de\/es\/wp-json\/wp\/v2\/users\/3"}],"replies":[{"embeddable":true,"href":"https:\/\/www.bergsee-titisee.de\/es\/wp-json\/wp\/v2\/comments?post=2336"}],"version-history":[{"count":9,"href":"https:\/\/www.bergsee-titisee.de\/es\/wp-json\/wp\/v2\/pages\/2336\/revisions"}],"predecessor-version":[{"id":2529,"href":"https:\/\/www.bergsee-titisee.de\/es\/wp-json\/wp\/v2\/pages\/2336\/revisions\/2529"}],"wp:attachment":[{"href":"https:\/\/www.bergsee-titisee.de\/es\/wp-json\/wp\/v2\/media?parent=2336"}],"curies":[{"name":"wp","href":"https:\/\/api.w.org\/{rel}","templated":true}]}}