{"id":2332,"date":"2023-06-07T00:09:15","date_gmt":"2023-06-06T22:09:15","guid":{"rendered":"https:\/\/www.bergsee-titisee.de\/biergarten\/"},"modified":"2023-06-14T10:58:12","modified_gmt":"2023-06-14T08:58:12","slug":"jardin-de-la-cerveza","status":"publish","type":"page","link":"https:\/\/www.bergsee-titisee.de\/es\/jardin-de-la-cerveza\/","title":{"rendered":"Jard\u00edn de la Cerveza"},"content":{"rendered":"<div id=\"pl-2332\"  class=\"panel-layout\" ><div id=\"pg-2332-0\"  class=\"panel-grid panel-no-style\" ><div id=\"pgc-2332-0-0\"  class=\"panel-grid-cell\" ><div id=\"panel-2332-0-0-0\" class=\"so-panel widget widget_wwm-specialcontent-widget panel-first-child panel-last-child\" data-index=\"0\" ><div\n\t\t\t\n\t\t\tclass=\"so-widget-wwm-specialcontent-widget so-widget-wwm-specialcontent-widget-base\"\n\t\t\t\n\t\t><div class=\"wwm-specialcontent\"><div class=\"wwm-specialcontent-image-left\"><img decoding=\"async\" src=\"https:\/\/www.bergsee-titisee.de\/wp-content\/uploads\/bergseee_biergarten_hirschbier.jpg\" \/><\/div><div class=\"wwm-specialcontent-content-right\"><div id=\"pl-wd16defc0\"  class=\"panel-layout\" ><div id=\"pg-wd16defc0-0\"  class=\"panel-grid panel-has-style\" ><div class=\"panel-row-style panel-row-style-for-wd16defc0-0\" ><div id=\"pgc-wd16defc0-0-0\"  class=\"panel-grid-cell\" ><div id=\"panel-wd16defc0-0-0-0\" class=\"so-panel widget widget_wwm-headline-widget panel-first-child\" data-index=\"0\" ><div class=\"panel-widget-style panel-widget-style-for-wd16defc0-0-0-0\" ><div\n\t\t\t\n\t\t\tclass=\"so-widget-wwm-headline-widget so-widget-wwm-headline-widget-base\"\n\t\t\t\n\t\t><h2 class=\"wwm-headline1\" style=\"\">Cerveza \u00abHirsch\u00bb<\/h2><h2 class=\"wwm-headline2\" style=\"\">y currywurst al aire libre<\/h2><\/div><\/div><\/div><div id=\"panel-wd16defc0-0-0-1\" class=\"so-panel widget widget_wwm-text-widget panel-last-child\" data-index=\"1\" ><div class=\"panel-widget-style panel-widget-style-for-wd16defc0-0-0-1\" ><div\n\t\t\t\n\t\t\tclass=\"so-widget-wwm-text-widget so-widget-wwm-text-widget-base\"\n\t\t\t\n\t\t><div style=\"background:url();background-size:cover;color:;\"><div style=\"padding:0px;\"><div>\n<p><span class=\"tlid-translation\"><span lang=\"ES\">\u00a1La \u00fanica cervecer\u00eda de autoservicio en la zona peatonal de Titisee-Neustadt!Disfruta de una rubia fresca, reci\u00e9n tocada o alg\u00fan otro refresco con una maravillosa vista del lago.<\/span><\/span><span class=\"apple-converted-space\"><span lang=\"ES\">\u00a0<\/span><\/span><span class=\"tlid-translation\"><span lang=\"ES\">El lugar ideal para detenerse despu\u00e9s de una caminata o un viaje en bicicleta, pero tambi\u00e9n el lugar perfecto para tomar una cerveza despu\u00e9s del trabajo o una excursi\u00f3n familiar.<\/span><\/span><\/p>\n<\/div>\n<\/div><\/div><\/div><\/div><\/div><\/div><\/div><\/div><\/div><\/div><\/div><\/div><\/div><\/div><\/div><div id=\"pg-2332-1\"  class=\"panel-grid panel-no-style\" ><div id=\"pgc-2332-1-0\"  class=\"panel-grid-cell\" ><div id=\"panel-2332-1-0-0\" class=\"so-panel widget widget_wwm-specialcontent-widget panel-first-child panel-last-child\" data-index=\"1\" ><div\n\t\t\t\n\t\t\tclass=\"so-widget-wwm-specialcontent-widget so-widget-wwm-specialcontent-widget-base\"\n\t\t\t\n\t\t><div class=\"wwm-specialcontent\"><div class=\"wwm-specialcontent-content-left\"><div id=\"pl-w2f733365\"  class=\"panel-layout\" ><div id=\"pg-w2f733365-0\"  class=\"panel-grid panel-has-style\" ><div class=\"panel-row-style panel-row-style-for-w2f733365-0\" ><div id=\"pgc-w2f733365-0-0\"  class=\"panel-grid-cell\" ><div id=\"panel-w2f733365-0-0-0\" class=\"so-panel widget widget_wwm-headline-widget panel-first-child\" data-index=\"0\" ><div class=\"panel-widget-style panel-widget-style-for-w2f733365-0-0-0\" ><div\n\t\t\t\n\t\t\tclass=\"so-widget-wwm-headline-widget so-widget-wwm-headline-widget-base\"\n\t\t\t\n\t\t><h2 class=\"wwm-headline1\" style=\"\">Bocadillo<\/h2><h2 class=\"wwm-headline2\" style=\"\">un aperitivo junto al lago<\/h2><\/div><\/div><\/div><div id=\"panel-w2f733365-0-0-1\" class=\"so-panel widget widget_wwm-text-widget panel-last-child\" data-index=\"1\" ><div class=\"panel-widget-style panel-widget-style-for-w2f733365-0-0-1\" ><div\n\t\t\t\n\t\t\tclass=\"so-widget-wwm-text-widget so-widget-wwm-text-widget-base\"\n\t\t\t\n\t\t><div style=\"background:url();background-size:cover;color:;\"><div style=\"padding:0px;\"><div>\n<p><span class=\"tlid-translation\"><span lang=\"ES\">Aqu\u00ed pueden sentarse bajo grandes y viejos \u00e1rboles en las mesas adecuadas y observar el ajetreo y el bullicio.<\/span><\/span><span class=\"apple-converted-space\"><span lang=\"ES\">\u00a0<\/span><\/span><span class=\"tlid-translation\"><span lang=\"ES\">Disfrute de un jugoso pollo a la parrilla, una salchicha crujiente a la parrilla con papas fritas o una ensalada fresca con una maravillosa vista del lago.<\/span><\/span><\/p>\n<\/div>\n<\/div><\/div><\/div><\/div><\/div><\/div><\/div><\/div><\/div><\/div><div class=\"wwm-specialcontent-image-right\"><img decoding=\"async\" src=\"https:\/\/www.bergsee-titisee.de\/wp-content\/uploads\/bergseee_biergarten_imbiss_currywurst.jpg\" \/><\/div><\/div><\/div><\/div><\/div><\/div><\/div>","protected":false},"excerpt":{"rendered":"<p>Cerveza \u00abHirsch\u00bby currywurst al aire libre \u00a1La \u00fanica cervecer\u00eda de autoservicio en la zona peatonal de Titisee-Neustadt!Disfruta de una rubia fresca, reci\u00e9n tocada o alg\u00fan otro refresco con una maravillosa vista del lago.\u00a0El lugar ideal para detenerse despu\u00e9s de una caminata o un viaje en bicicleta, pero tambi\u00e9n el lugar [&hellip;]<\/p>\n","protected":false},"author":3,"featured_media":0,"parent":0,"menu_order":0,"comment_status":"closed","ping_status":"closed","template":"","meta":{"_acf_changed":false,"footnotes":""},"class_list":["post-2332","page","type-page","status-publish","hentry"],"acf":[],"_links":{"self":[{"href":"https:\/\/www.bergsee-titisee.de\/es\/wp-json\/wp\/v2\/pages\/2332","targetHints":{"allow":["GET"]}}],"collection":[{"href":"https:\/\/www.bergsee-titisee.de\/es\/wp-json\/wp\/v2\/pages"}],"about":[{"href":"https:\/\/www.bergsee-titisee.de\/es\/wp-json\/wp\/v2\/types\/page"}],"author":[{"embeddable":true,"href":"https:\/\/www.bergsee-titisee.de\/es\/wp-json\/wp\/v2\/users\/3"}],"replies":[{"embeddable":true,"href":"https:\/\/www.bergsee-titisee.de\/es\/wp-json\/wp\/v2\/comments?post=2332"}],"version-history":[{"count":4,"href":"https:\/\/www.bergsee-titisee.de\/es\/wp-json\/wp\/v2\/pages\/2332\/revisions"}],"predecessor-version":[{"id":2420,"href":"https:\/\/www.bergsee-titisee.de\/es\/wp-json\/wp\/v2\/pages\/2332\/revisions\/2420"}],"wp:attachment":[{"href":"https:\/\/www.bergsee-titisee.de\/es\/wp-json\/wp\/v2\/media?parent=2332"}],"curies":[{"name":"wp","href":"https:\/\/api.w.org\/{rel}","templated":true}]}}