{"id":2291,"date":"2023-06-07T00:08:51","date_gmt":"2023-06-06T22:08:51","guid":{"rendered":"https:\/\/www.bergsee-titisee.de\/speisekarte\/"},"modified":"2025-03-18T10:55:03","modified_gmt":"2025-03-18T09:55:03","slug":"menu","status":"publish","type":"page","link":"https:\/\/www.bergsee-titisee.de\/en\/menu\/","title":{"rendered":"Menu"},"content":{"rendered":"<div id=\"pl-2291\"  class=\"panel-layout\" ><div id=\"pg-2291-0\"  class=\"panel-grid panel-no-style\" ><div id=\"pgc-2291-0-0\"  class=\"panel-grid-cell\" ><div id=\"panel-2291-0-0-0\" class=\"so-panel widget widget_wwm-specialcontent-widget panel-first-child panel-last-child\" data-index=\"0\" ><div\n\t\t\t\n\t\t\tclass=\"so-widget-wwm-specialcontent-widget so-widget-wwm-specialcontent-widget-base\"\n\t\t\t\n\t\t><div class=\"wwm-specialcontent\"><div class=\"wwm-specialcontent-image-left\"><img decoding=\"async\" src=\"https:\/\/www.bergsee-titisee.de\/wp-content\/uploads\/bergseee_speisekarte_vesperteller.jpg\" \/><\/div><div class=\"wwm-specialcontent-content-right\"><div id=\"pl-wa68c8fb2\"  class=\"panel-layout\" ><div id=\"pg-wa68c8fb2-0\"  class=\"panel-grid panel-has-style\" ><div class=\"panel-row-style panel-row-style-for-wa68c8fb2-0\" ><div id=\"pgc-wa68c8fb2-0-0\"  class=\"panel-grid-cell\" ><div id=\"panel-wa68c8fb2-0-0-0\" class=\"so-panel widget widget_wwm-headline-widget panel-first-child\" data-index=\"0\" ><div class=\"panel-widget-style panel-widget-style-for-wa68c8fb2-0-0-0\" ><div\n\t\t\t\n\t\t\tclass=\"so-widget-wwm-headline-widget so-widget-wwm-headline-widget-base\"\n\t\t\t\n\t\t><h2 class=\"wwm-headline1\" style=\"\">Vespers and tarte flamb\u00e9e<\/h2><h2 class=\"wwm-headline2\" style=\"\">Black Forest delicacies<\/h2><\/div><\/div><\/div><div id=\"panel-wa68c8fb2-0-0-1\" class=\"so-panel widget widget_wwm-text-widget\" data-index=\"1\" ><div class=\"panel-widget-style panel-widget-style-for-wa68c8fb2-0-0-1\" ><div\n\t\t\t\n\t\t\tclass=\"so-widget-wwm-text-widget so-widget-wwm-text-widget-base\"\n\t\t\t\n\t\t><div style=\"color:;\"><div style=\"padding:0px;\"><table style=\"border-collapse: collapse; width: 98.3361%; height: 144px;\" border=\"1\">\n<tbody>\n<tr style=\"height: 24px;\">\n<td style=\"width: 59.6634%; height: 24px;\">Viert\u00e4ler ham platter<\/td>\n<td style=\"width: 151.969%; height: 24px;\">16,90 Euro<\/td>\n<\/tr>\n<tr style=\"height: 24px;\">\n<td style=\"width: 59.6634%; height: 24px;\">Black Forest Sunday vesper<\/td>\n<td style=\"width: 151.969%; height: 24px;\">22,50 Euro<\/td>\n<\/tr>\n<tr style=\"height: 24px;\">\n<td style=\"width: 59.6634%; height: 24px;\">Bergsee specialities<\/td>\n<td style=\"width: 151.969%; height: 24px;\">39,00 Euro<\/td>\n<\/tr>\n<tr style=\"height: 24px;\">\n<td style=\"width: 59.6634%; height: 24px;\">Swiss sausage salad<\/td>\n<td style=\"width: 151.969%; height: 24px;\">13,90 Euro<\/td>\n<\/tr>\n<tr style=\"height: 24px;\">\n<td style=\"width: 59.6634%; height: 24px;\">Tarte flamb\u00e9e<\/td>\n<td style=\"width: 151.969%; height: 24px;\">14,00 Euro<\/td>\n<\/tr>\n<tr>\n<td style=\"width: 59.6634%;\">Salmon tarte flamb\u00e9e<\/td>\n<td style=\"width: 151.969%;\">14,00 Euro<\/td>\n<\/tr>\n<tr style=\"height: 24px;\">\n<td style=\"width: 59.6634%; height: 24px;\">Vegetable tarte flamb\u00e9e<\/td>\n<td style=\"width: 151.969%; height: 24px;\">14,00 Euro<\/td>\n<\/tr>\n<\/tbody>\n<\/table>\n<\/div><\/div><\/div><\/div><\/div><div id=\"panel-wa68c8fb2-0-0-2\" class=\"so-panel widget widget_wwm-button-widget panel-last-child\" data-index=\"2\" ><div class=\"panel-widget-style panel-widget-style-for-wa68c8fb2-0-0-2\" ><div\n\t\t\t\n\t\t\tclass=\"so-widget-wwm-button-widget so-widget-wwm-button-widget-base\"\n\t\t\t\n\t\t><div style=\"text-align:center;\"><a class=\"button custom-btn btn-0\" href=\"https:\/\/www.bergsee-titisee.de\/downloads\/speisekarte-englisch-bergsee-restaurant-titisee.pdf\" target=\"_blank\">Download Menu<\/a><\/div><\/div><\/div><\/div><\/div><\/div><\/div><\/div><\/div><\/div><\/div><\/div><\/div><\/div><div id=\"pg-2291-1\"  class=\"panel-grid panel-no-style\" ><div id=\"pgc-2291-1-0\"  class=\"panel-grid-cell\" ><div id=\"panel-2291-1-0-0\" class=\"so-panel widget widget_wwm-specialcontent-widget panel-first-child panel-last-child\" data-index=\"1\" ><div\n\t\t\t\n\t\t\tclass=\"so-widget-wwm-specialcontent-widget so-widget-wwm-specialcontent-widget-base\"\n\t\t\t\n\t\t><div class=\"wwm-specialcontent\"><div class=\"wwm-specialcontent-content-left\"><div id=\"pl-w858871aa\"  class=\"panel-layout\" ><div id=\"pg-w858871aa-0\"  class=\"panel-grid panel-has-style\" ><div class=\"panel-row-style panel-row-style-for-w858871aa-0\" ><div id=\"pgc-w858871aa-0-0\"  class=\"panel-grid-cell\" ><div id=\"panel-w858871aa-0-0-0\" class=\"so-panel widget widget_wwm-headline-widget panel-first-child\" data-index=\"0\" ><div class=\"panel-widget-style panel-widget-style-for-w858871aa-0-0-0\" ><div\n\t\t\t\n\t\t\tclass=\"so-widget-wwm-headline-widget so-widget-wwm-headline-widget-base\"\n\t\t\t\n\t\t><h2 class=\"wwm-headline1\" style=\"\">Salads and Soups<\/h2><h2 class=\"wwm-headline2\" style=\"\">for the small hunger<\/h2><\/div><\/div><\/div><div id=\"panel-w858871aa-0-0-1\" class=\"so-panel widget widget_wwm-text-widget\" data-index=\"1\" ><div class=\"panel-widget-style panel-widget-style-for-w858871aa-0-0-1\" ><div\n\t\t\t\n\t\t\tclass=\"so-widget-wwm-text-widget so-widget-wwm-text-widget-base\"\n\t\t\t\n\t\t><div style=\"color:;\"><div style=\"padding:0px;\"><table style=\"border-collapse: collapse; width: 100%; height: 169px;\" border=\"1\">\n<tbody>\n<tr style=\"height: 24px;\">\n<td style=\"width: 49.963045%; height: 24px;\" align=\"left\">\n<div><span lang=\"EN-US\">Beef bouillon with cr\u00eape stripes<\/span><\/div>\n<\/td>\n<td style=\"width: 50%; height: 24px;\">6,00 Euro<\/td>\n<\/tr>\n<tr style=\"height: 24px;\">\n<td style=\"width: 49.963045%; height: 24px;\">Black Forest wedding soup<\/td>\n<td style=\"width: 50%; height: 24px;\">8,50 Euro<\/td>\n<\/tr>\n<tr style=\"height: 24px;\">\n<td style=\"width: 49.963045%; height: 24px;\">Beef noodle soup<\/td>\n<td style=\"width: 50%; height: 24px;\">8,50 Euro<\/td>\n<\/tr>\n<tr style=\"height: 24px;\">\n<td style=\"width: 49.963045%; height: 24px;\">Goulash soup<\/td>\n<td style=\"width: 50%; height: 24px;\">8,90 Euro<\/td>\n<\/tr>\n<tr style=\"height: 25px;\">\n<td style=\"width: 49.963045%; height: 25px;\">Small mixed salad<\/td>\n<td style=\"width: 50%; height: 25px;\">8,50 Euro<\/td>\n<\/tr>\n<tr style=\"height: 24px;\">\n<td style=\"width: 49.963045%; height: 24px;\">Bergsee salad plate<\/td>\n<td style=\"width: 50%; height: 24px;\">16,90 Euro<\/td>\n<\/tr>\n<tr style=\"height: 24px;\">\n<td style=\"width: 49.963045%; height: 24px;\">\n<div><span lang=\"EN-US\">Salad with smoked trout<\/span><\/div>\n<\/td>\n<td style=\"width: 50%; height: 24px;\">19,90 Euro<\/td>\n<\/tr>\n<\/tbody>\n<\/table>\n<\/div><\/div><\/div><\/div><\/div><div id=\"panel-w858871aa-0-0-2\" class=\"so-panel widget widget_wwm-button-widget panel-last-child\" data-index=\"2\" ><div class=\"panel-widget-style panel-widget-style-for-w858871aa-0-0-2\" ><div\n\t\t\t\n\t\t\tclass=\"so-widget-wwm-button-widget so-widget-wwm-button-widget-base\"\n\t\t\t\n\t\t><div style=\"text-align:center;\"><a class=\"button custom-btn btn-0\" href=\"https:\/\/www.bergsee-titisee.de\/downloads\/speisekarte-englisch-bergsee-restaurant-titisee.pdf\" target=\"_blank\">Download Menu<\/a><\/div><\/div><\/div><\/div><\/div><\/div><\/div><\/div><\/div><div class=\"wwm-specialcontent-image-right\"><img decoding=\"async\" src=\"https:\/\/www.bergsee-titisee.de\/wp-content\/uploads\/bergseee_speisekarte_salatteller.jpg\" \/><\/div><\/div><\/div><\/div><\/div><\/div><div id=\"pg-2291-2\"  class=\"panel-grid panel-no-style\" ><div id=\"pgc-2291-2-0\"  class=\"panel-grid-cell\" ><div id=\"panel-2291-2-0-0\" class=\"so-panel widget widget_wwm-specialcontent-widget panel-first-child panel-last-child\" data-index=\"2\" ><div\n\t\t\t\n\t\t\tclass=\"so-widget-wwm-specialcontent-widget so-widget-wwm-specialcontent-widget-base\"\n\t\t\t\n\t\t><div class=\"wwm-specialcontent\"><div class=\"wwm-specialcontent-image-left\"><img decoding=\"async\" src=\"https:\/\/www.bergsee-titisee.de\/wp-content\/uploads\/bergseee_speisekarte_fischfillet.jpg\" \/><\/div><div class=\"wwm-specialcontent-content-right\"><div id=\"pl-w768142ef\"  class=\"panel-layout\" ><div id=\"pg-w768142ef-0\"  class=\"panel-grid panel-has-style\" ><div class=\"panel-row-style panel-row-style-for-w768142ef-0\" ><div id=\"pgc-w768142ef-0-0\"  class=\"panel-grid-cell\" ><div id=\"panel-w768142ef-0-0-0\" class=\"so-panel widget widget_wwm-headline-widget panel-first-child\" data-index=\"0\" ><div class=\"panel-widget-style panel-widget-style-for-w768142ef-0-0-0\" ><div\n\t\t\t\n\t\t\tclass=\"so-widget-wwm-headline-widget so-widget-wwm-headline-widget-base\"\n\t\t\t\n\t\t><h2 class=\"wwm-headline1\" style=\"\">Fish<\/h2><h2 class=\"wwm-headline2\" style=\"\">Enjoyment from the water world<\/h2><\/div><\/div><\/div><div id=\"panel-w768142ef-0-0-1\" class=\"so-panel widget widget_wwm-text-widget\" data-index=\"1\" ><div class=\"panel-widget-style panel-widget-style-for-w768142ef-0-0-1\" ><div\n\t\t\t\n\t\t\tclass=\"so-widget-wwm-text-widget so-widget-wwm-text-widget-base\"\n\t\t\t\n\t\t><div style=\"color:;\"><div style=\"padding:0px;\"><table style=\"border-collapse: collapse; width: 98.336094%;\" border=\"1\">\n<tbody>\n<tr>\n<td style=\"width: 59.663356%;\">\n<div><span lang=\"EN-US\">Cold juniper-smoked trout fillets<\/span><\/div>\n<\/td>\n<td style=\"width: 151.96854%;\">19,90 Euro<\/td>\n<\/tr>\n<tr>\n<td style=\"width: 59.663356%;\">Trout \u201emeuni\u00e8re\u201c<\/td>\n<td style=\"width: 151.96854%;\">27,00 Euro<\/td>\n<\/tr>\n<tr>\n<td style=\"width: 59.663356%;\">Pickled fillets of herring<\/td>\n<td style=\"width: 151.96854%;\">19,50 Euro<\/td>\n<\/tr>\n<tr>\n<td style=\"width: 59.663356%;\">Salmon steak<\/td>\n<td style=\"width: 151.96854%;\">27,50 Euro<\/td>\n<\/tr>\n<\/tbody>\n<\/table>\n<\/div><\/div><\/div><\/div><\/div><div id=\"panel-w768142ef-0-0-2\" class=\"so-panel widget widget_wwm-button-widget panel-last-child\" data-index=\"2\" ><div class=\"panel-widget-style panel-widget-style-for-w768142ef-0-0-2\" ><div\n\t\t\t\n\t\t\tclass=\"so-widget-wwm-button-widget so-widget-wwm-button-widget-base\"\n\t\t\t\n\t\t><div style=\"text-align:center;\"><a class=\"button custom-btn btn-0\" href=\"https:\/\/www.bergsee-titisee.de\/downloads\/speisekarte-englisch-bergsee-restaurant-titisee.pdf\" target=\"_blank\">Download Menu<\/a><\/div><\/div><\/div><\/div><\/div><\/div><\/div><\/div><\/div><\/div><\/div><\/div><\/div><\/div><div id=\"pg-2291-3\"  class=\"panel-grid panel-no-style\" ><div id=\"pgc-2291-3-0\"  class=\"panel-grid-cell\" ><div id=\"panel-2291-3-0-0\" class=\"so-panel widget widget_wwm-specialcontent-widget panel-first-child panel-last-child\" data-index=\"3\" ><div\n\t\t\t\n\t\t\tclass=\"so-widget-wwm-specialcontent-widget so-widget-wwm-specialcontent-widget-base\"\n\t\t\t\n\t\t><div class=\"wwm-specialcontent\"><div class=\"wwm-specialcontent-content-left\"><div id=\"pl-wabe8334a\"  class=\"panel-layout\" ><div id=\"pg-wabe8334a-0\"  class=\"panel-grid panel-has-style\" ><div class=\"panel-row-style panel-row-style-for-wabe8334a-0\" ><div id=\"pgc-wabe8334a-0-0\"  class=\"panel-grid-cell\" ><div id=\"panel-wabe8334a-0-0-0\" class=\"so-panel widget widget_wwm-headline-widget panel-first-child\" data-index=\"0\" ><div class=\"panel-widget-style panel-widget-style-for-wabe8334a-0-0-0\" ><div\n\t\t\t\n\t\t\tclass=\"so-widget-wwm-headline-widget so-widget-wwm-headline-widget-base\"\n\t\t\t\n\t\t><h2 class=\"wwm-headline1\" style=\"\">Meat<\/h2><h2 class=\"wwm-headline2\" style=\"\">Fine grilled<\/h2><\/div><\/div><\/div><div id=\"panel-wabe8334a-0-0-1\" class=\"so-panel widget widget_wwm-text-widget\" data-index=\"1\" ><div class=\"panel-widget-style panel-widget-style-for-wabe8334a-0-0-1\" ><div\n\t\t\t\n\t\t\tclass=\"so-widget-wwm-text-widget so-widget-wwm-text-widget-base\"\n\t\t\t\n\t\t><div style=\"color:;\"><div style=\"padding:0px;\"><table style=\"border-collapse: collapse; width: 100%; height: 169px;\" border=\"1\">\n<tbody>\n<tr style=\"height: 24px;\">\n<td style=\"width: 49.963045%; height: 24px;\" align=\"left\">Holzmacher steak<\/td>\n<td style=\"width: 50%; height: 24px;\">14,90 Euro<\/td>\n<\/tr>\n<tr style=\"height: 24px;\">\n<td style=\"width: 49.963045%; height: 24px;\">Black Forest steak<\/td>\n<td style=\"width: 50%; height: 24px;\">18,90 Euro<\/td>\n<\/tr>\n<tr style=\"height: 24px;\">\n<td style=\"width: 49.963045%; height: 24px;\">Bergsee rump steak<\/td>\n<td style=\"width: 50%; height: 24px;\">24,90 Euro<\/td>\n<\/tr>\n<tr style=\"height: 24px;\">\n<td style=\"width: 49.963045%; height: 24px;\">Pepper beefsteak<\/td>\n<td style=\"width: 50%; height: 24px;\">26,90 Euro<\/td>\n<\/tr>\n<tr style=\"height: 25px;\">\n<td style=\"width: 49.963045%; height: 25px;\">Black Forest rump steak<\/td>\n<td style=\"width: 50%; height: 25px;\">29,90 Euro<\/td>\n<\/tr>\n<tr style=\"height: 24px;\">\n<td style=\"width: 49.963045%; height: 24px;\">Bergsee fillet steak<\/td>\n<td style=\"width: 50%; height: 24px;\">35,00 Euro<\/td>\n<\/tr>\n<\/tbody>\n<\/table>\n<\/div><\/div><\/div><\/div><\/div><div id=\"panel-wabe8334a-0-0-2\" class=\"so-panel widget widget_wwm-button-widget panel-last-child\" data-index=\"2\" ><div class=\"panel-widget-style panel-widget-style-for-wabe8334a-0-0-2\" ><div\n\t\t\t\n\t\t\tclass=\"so-widget-wwm-button-widget so-widget-wwm-button-widget-base\"\n\t\t\t\n\t\t><div style=\"text-align:center;\"><a class=\"button custom-btn btn-0\" href=\"https:\/\/www.bergsee-titisee.de\/downloads\/speisekarte-englisch-bergsee-restaurant-titisee.pdf\" target=\"_blank\">Download Menu<\/a><\/div><\/div><\/div><\/div><\/div><\/div><\/div><\/div><\/div><div class=\"wwm-specialcontent-image-right\"><img decoding=\"async\" src=\"https:\/\/www.bergsee-titisee.de\/wp-content\/uploads\/bergseee_speisekarte_fleisch.jpg\" \/><\/div><\/div><\/div><\/div><\/div><\/div><div id=\"pg-2291-4\"  class=\"panel-grid panel-no-style\" ><div id=\"pgc-2291-4-0\"  class=\"panel-grid-cell\" ><div id=\"panel-2291-4-0-0\" class=\"so-panel widget widget_wwm-specialcontent-widget panel-first-child panel-last-child\" data-index=\"4\" ><div\n\t\t\t\n\t\t\tclass=\"so-widget-wwm-specialcontent-widget so-widget-wwm-specialcontent-widget-base\"\n\t\t\t\n\t\t><div class=\"wwm-specialcontent\"><div class=\"wwm-specialcontent-image-left\"><img decoding=\"async\" src=\"https:\/\/www.bergsee-titisee.de\/wp-content\/uploads\/bergseee_speisekarte_haxe.jpg\" \/><\/div><div class=\"wwm-specialcontent-content-right\"><div id=\"pl-w31b63579\"  class=\"panel-layout\" ><div id=\"pg-w31b63579-0\"  class=\"panel-grid panel-has-style\" ><div class=\"panel-row-style panel-row-style-for-w31b63579-0\" ><div id=\"pgc-w31b63579-0-0\"  class=\"panel-grid-cell\" ><div id=\"panel-w31b63579-0-0-0\" class=\"so-panel widget widget_wwm-headline-widget panel-first-child\" data-index=\"0\" ><div class=\"panel-widget-style panel-widget-style-for-w31b63579-0-0-0\" ><div\n\t\t\t\n\t\t\tclass=\"so-widget-wwm-headline-widget so-widget-wwm-headline-widget-base\"\n\t\t\t\n\t\t><h2 class=\"wwm-headline1\" style=\"\">Schnitzel &amp; various<\/h2><h2 class=\"wwm-headline2\" style=\"\">Food from almost all over the world<\/h2><\/div><\/div><\/div><div id=\"panel-w31b63579-0-0-1\" class=\"so-panel widget widget_wwm-text-widget\" data-index=\"1\" ><div class=\"panel-widget-style panel-widget-style-for-w31b63579-0-0-1\" ><div\n\t\t\t\n\t\t\tclass=\"so-widget-wwm-text-widget so-widget-wwm-text-widget-base\"\n\t\t\t\n\t\t><div style=\"color:;\"><div style=\"padding:0px;\"><table style=\"border-collapse: collapse; width: 98.336094%;\" border=\"1\">\n<tbody>\n<tr>\n<td style=\"width: 59.663356%;\">J\u00e4gerschnitzel<\/td>\n<td style=\"width: 151.96854%;\">19,90 Euro<\/td>\n<\/tr>\n<tr>\n<td style=\"width: 59.663356%;\">\n<div><span lang=\"EN-US\">Black Forest brisket of beef<\/span><\/div>\n<\/td>\n<td style=\"width: 151.96854%;\">21,90 Euro<\/td>\n<\/tr>\n<tr>\n<td style=\"width: 59.663356%;\">Pork knuckle<\/td>\n<td style=\"width: 151.96854%;\">19,90 Euro<\/td>\n<\/tr>\n<tr>\n<td style=\"width: 59.663356%;\">\n<div><span lang=\"EN-US\">Curry sausage with a hot, spicy sauce<\/span><\/div>\n<\/td>\n<td style=\"width: 151.96854%;\">14,50 Euro<\/td>\n<\/tr>\n<tr>\n<td style=\"width: 59.663356%;\">Spaghetti \u201eBolognese\u201c<\/td>\n<td style=\"width: 151.96854%;\">14,90 Euro<\/td>\n<\/tr>\n<tr>\n<td style=\"width: 59.663356%;\">Coarse Bratwurst<\/td>\n<td style=\"width: 151.96854%;\">17,90 Euro<\/td>\n<\/tr>\n<\/tbody>\n<\/table>\n<\/div><\/div><\/div><\/div><\/div><div id=\"panel-w31b63579-0-0-2\" class=\"so-panel widget widget_wwm-button-widget panel-last-child\" data-index=\"2\" ><div class=\"panel-widget-style panel-widget-style-for-w31b63579-0-0-2\" ><div\n\t\t\t\n\t\t\tclass=\"so-widget-wwm-button-widget so-widget-wwm-button-widget-base\"\n\t\t\t\n\t\t><div style=\"text-align:center;\"><a class=\"button custom-btn btn-0\" href=\"https:\/\/www.bergsee-titisee.de\/downloads\/speisekarte-englisch-bergsee-restaurant-titisee.pdf\" target=\"_blank\">Download Menu<\/a><\/div><\/div><\/div><\/div><\/div><\/div><\/div><\/div><\/div><\/div><\/div><\/div><\/div><\/div><div id=\"pg-2291-5\"  class=\"panel-grid panel-no-style\" ><div id=\"pgc-2291-5-0\"  class=\"panel-grid-cell\" ><div id=\"panel-2291-5-0-0\" class=\"so-panel widget widget_wwm-specialcontent-widget panel-first-child panel-last-child\" data-index=\"5\" ><div\n\t\t\t\n\t\t\tclass=\"so-widget-wwm-specialcontent-widget so-widget-wwm-specialcontent-widget-base\"\n\t\t\t\n\t\t><div class=\"wwm-specialcontent\"><div class=\"wwm-specialcontent-content-left\"><div id=\"pl-w789db2c6\"  class=\"panel-layout\" ><div id=\"pg-w789db2c6-0\"  class=\"panel-grid panel-has-style\" ><div class=\"panel-row-style panel-row-style-for-w789db2c6-0\" ><div id=\"pgc-w789db2c6-0-0\"  class=\"panel-grid-cell\" ><div id=\"panel-w789db2c6-0-0-0\" class=\"so-panel widget widget_wwm-headline-widget panel-first-child\" data-index=\"0\" ><div class=\"panel-widget-style panel-widget-style-for-w789db2c6-0-0-0\" ><div\n\t\t\t\n\t\t\tclass=\"so-widget-wwm-headline-widget so-widget-wwm-headline-widget-base\"\n\t\t\t\n\t\t><h2 class=\"wwm-headline1\" style=\"\">Menu for Children<\/h2><h2 class=\"wwm-headline2\" style=\"\">for our little guests<\/h2><\/div><\/div><\/div><div id=\"panel-w789db2c6-0-0-1\" class=\"so-panel widget widget_wwm-text-widget\" data-index=\"1\" ><div class=\"panel-widget-style panel-widget-style-for-w789db2c6-0-0-1\" ><div\n\t\t\t\n\t\t\tclass=\"so-widget-wwm-text-widget so-widget-wwm-text-widget-base\"\n\t\t\t\n\t\t><div style=\"color:;\"><div style=\"padding:0px;\"><table style=\"border-collapse: collapse; width: 100%; height: 169px;\" border=\"1\">\n<tbody>\n<tr style=\"height: 24px;\">\n<td style=\"width: 65.631929%; height: 24px;\" align=\"left\">\n<div><span lang=\"EN-US\">Little breaded pork schnitzel with fries<\/span><\/div>\n<\/td>\n<td style=\"width: 34.331116%; height: 24px;\">9,50 Euro<\/td>\n<\/tr>\n<tr style=\"height: 24px;\">\n<td style=\"width: 65.631929%; height: 24px;\">Sp\u00e4tzle with creamy sauce<\/td>\n<td style=\"width: 34.331116%; height: 24px;\">5,90 Euro<\/td>\n<\/tr>\n<tr style=\"height: 24px;\">\n<td style=\"width: 65.631929%; height: 24px;\"><span lang=\"EN-US\"><span lang=\"EN-US\">Spaghetti with tomato sauce or\u00a0<\/span><\/span><span style=\"font-family: inherit; font-size: inherit;\">minced meat sauce<\/span><\/td>\n<td style=\"width: 34.331116%; height: 24px;\">7,90 Euro<\/td>\n<\/tr>\n<tr style=\"height: 24px;\">\n<td style=\"width: 65.631929%; height: 24px;\">\n<div><span lang=\"EN-US\">Potato fritter with apple sauce<\/span><\/div>\n<\/td>\n<td style=\"width: 34.331116%; height: 24px;\">7,90 Euro<\/td>\n<\/tr>\n<tr style=\"height: 25px;\">\n<td style=\"width: 65.631929%; height: 25px;\">Hamburger and fries<\/td>\n<td style=\"width: 34.331116%; height: 25px;\">10,50 Euro<\/td>\n<\/tr>\n<tr style=\"height: 24px;\">\n<td style=\"width: 65.631929%; height: 24px;\">Chicken nuggets with fries<\/td>\n<td style=\"width: 34.331116%; height: 24px;\">9,90 Euro<\/td>\n<\/tr>\n<\/tbody>\n<\/table>\n<\/div><\/div><\/div><\/div><\/div><div id=\"panel-w789db2c6-0-0-2\" class=\"so-panel widget widget_wwm-button-widget panel-last-child\" data-index=\"2\" ><div class=\"panel-widget-style panel-widget-style-for-w789db2c6-0-0-2\" ><div\n\t\t\t\n\t\t\tclass=\"so-widget-wwm-button-widget so-widget-wwm-button-widget-base\"\n\t\t\t\n\t\t><div style=\"text-align:center;\"><a class=\"button custom-btn btn-0\" href=\"https:\/\/www.bergsee-titisee.de\/downloads\/speisekarte-englisch-bergsee-restaurant-titisee.pdf\" target=\"_blank\">Download Menu<\/a><\/div><\/div><\/div><\/div><\/div><\/div><\/div><\/div><\/div><div class=\"wwm-specialcontent-image-right\"><img decoding=\"async\" src=\"https:\/\/www.bergsee-titisee.de\/wp-content\/uploads\/bergseee_speisekarte_kinderkarte.jpg\" \/><\/div><\/div><\/div><\/div><\/div><\/div><\/div>","protected":false},"excerpt":{"rendered":"<p>Vespers and tarte flamb\u00e9eBlack Forest delicacies Viert\u00e4ler ham platter 16,90 Euro Black Forest Sunday vesper 22,50 Euro Bergsee specialities 39,00 Euro Swiss sausage salad 13,90 Euro Tarte flamb\u00e9e 14,00 Euro Salmon tarte flamb\u00e9e 14,00 Euro Vegetable tarte flamb\u00e9e 14,00 Euro Download MenuSalads and Soupsfor the small hunger Beef bouillon with [&hellip;]<\/p>\n","protected":false},"author":3,"featured_media":0,"parent":0,"menu_order":0,"comment_status":"closed","ping_status":"closed","template":"","meta":{"_acf_changed":false,"footnotes":""},"class_list":["post-2291","page","type-page","status-publish","hentry"],"acf":[],"_links":{"self":[{"href":"https:\/\/www.bergsee-titisee.de\/en\/wp-json\/wp\/v2\/pages\/2291","targetHints":{"allow":["GET"]}}],"collection":[{"href":"https:\/\/www.bergsee-titisee.de\/en\/wp-json\/wp\/v2\/pages"}],"about":[{"href":"https:\/\/www.bergsee-titisee.de\/en\/wp-json\/wp\/v2\/types\/page"}],"author":[{"embeddable":true,"href":"https:\/\/www.bergsee-titisee.de\/en\/wp-json\/wp\/v2\/users\/3"}],"replies":[{"embeddable":true,"href":"https:\/\/www.bergsee-titisee.de\/en\/wp-json\/wp\/v2\/comments?post=2291"}],"version-history":[{"count":14,"href":"https:\/\/www.bergsee-titisee.de\/en\/wp-json\/wp\/v2\/pages\/2291\/revisions"}],"predecessor-version":[{"id":2504,"href":"https:\/\/www.bergsee-titisee.de\/en\/wp-json\/wp\/v2\/pages\/2291\/revisions\/2504"}],"wp:attachment":[{"href":"https:\/\/www.bergsee-titisee.de\/en\/wp-json\/wp\/v2\/media?parent=2291"}],"curies":[{"name":"wp","href":"https:\/\/api.w.org\/{rel}","templated":true}]}}